{"id":160,"date":"2022-09-05T14:32:18","date_gmt":"2022-09-05T13:32:18","guid":{"rendered":"http:\/\/booksbiscuitsandtea.co.uk\/pruvodce-najit-lasku-ve-vasi-oblasti\/"},"modified":"2022-09-05T14:32:18","modified_gmt":"2022-09-05T13:32:18","slug":"pruvodce-najit-lasku-ve-vasi-oblasti","status":"publish","type":"page","link":"http:\/\/booksbiscuitsandtea.co.uk\/cs\/","title":{"rendered":"Pr\u016fvodce naj\u00edt l\u00e1sku ve va\u0161\u00ed oblasti"},"content":{"rendered":"<p>Pokud uva\u017eujete o sta\u017een\u00ed seznamovac\u00ed aplikace pro \u00fa\u010dely sextingu, je d\u016fle\u017eit\u00e9 v\u011bd\u011bt n\u011bkolik v\u011bc\u00ed p\u0159edem. Za prv\u00e9, ano, existuje rozhodn\u011b m\u00e9n\u011b z\u00e1bran spojen\u00fdch se sextingem ne\u017e p\u0159i pou\u017eit\u00ed tradi\u010dn\u00ed seznamovac\u00ed aplikace k nalezen\u00ed mo\u017en\u00e9ho romantick\u00e9ho partnera, ale st\u00e1le existuj\u00ed standardy etikety, kter\u00e9 mus\u00edte dodr\u017eovat.<\/p>\n<p>\u017d\u00e1dn\u00e1 aplikace nem\u016f\u017ee zcela chr\u00e1nit va\u0161e osobn\u00ed \u00fadaje za v\u00e1s. Jednodu\u0161e nem\u016f\u017eete kontrolovat, co ostatn\u00ed d\u011blaj\u00ed s va\u0161imi daty, jakmile si je st\u00e1hnou. Pro ty, kte\u0159\u00ed maj\u00ed super zanepr\u00e1zdn\u011bn\u00e9 pl\u00e1ny nebo pro ty, kte\u0159\u00ed prost\u011b nemaj\u00ed dostatek m\u00edsta ve sv\u00e9m \u017eivot\u011b pro stabiln\u00ed vztah v obli\u010deji, m\u016f\u017ee b\u00fdt sexting zachr\u00e1ncem \u017eivota. V\u00e1\u0161 sexu\u00e1ln\u00ed apetit nezmiz\u00ed jen proto, \u017ee jste zanepr\u00e1zdn\u011bni. Ve skute\u010dnosti v\u00e1m sexting umo\u017e\u0148uje uspokojit va\u0161e sexu\u00e1ln\u00ed pot\u0159eby, ani\u017e byste se museli d\u00e1t ven. Koneckonc\u016f, m\u016f\u017eete se postarat o sv\u00e9 sexu\u00e1ln\u00ed touhy, ani\u017e byste se museli starat o n\u011bkoho jin\u00e9ho. Svoboda: Se sextingem jste schopni se trochu uvolnit a prozkoumat svou sexualitu s v\u011bdom\u00edm, \u017ee mezi v\u00e1mi existuje ur\u010dit\u00e1 bari\u00e9ra.<\/p>\n<h2>L\u00e1ska nebo cht\u00ed\u010d?<\/h2>\n<p>Sv\u011bt online seznamov\u00e1n\u00ed nen\u00ed v\u017edy z\u00e1bava a hry. N\u011bkdy to vypad\u00e1 jako minov\u00e9 pole pln\u00e9 n\u00e1\u0161lapn\u00fdch min a n\u011bkdy to vypad\u00e1 jako hern\u00ed show, kde ka\u017ed\u00fd v\u00ed, co d\u011bl\u00e1. Ale existuj\u00ed n\u011bkter\u00e9 v\u011bci, kter\u00e9 v\u00edme o tom, jak se pohybovat ve vod\u00e1ch online datov\u00e1n\u00ed. Zde je p\u011bt tip\u016f, jak naj\u00edt l\u00e1sku v digit\u00e1ln\u00edm v\u011bku.<\/p>\n<h3>Vzmu\u017e se.<\/h3>\n<p>Online seznamovac\u00ed str\u00e1nky funguj\u00ed na stejn\u00e9m principu jako skute\u010dn\u00fd \u017eivot: Chcete se setkat s n\u011bk\u00fdm, kdo m\u00e1 skute\u010dn\u00fd z\u00e1jem o setk\u00e1n\u00ed s lidmi, jako jste vy. Pokud se pokus\u00edte p\u0159edst\u00edrat, \u017ee jste n\u011bkdo jin\u00fd, pravd\u011bpodobn\u011b skon\u010d\u00edte zklam\u00e1ni. M\u00edsto toho bu\u010fte up\u0159\u00edmn\u00ed o tom, kdo jste, a nechte se t\u00edm v\u00e9st.<\/p>\n<h3>Nep\u0159eh\u00e1n\u011bjte to.<\/h3>\n<p>Pokud m\u00e1te pot\u00ed\u017ee s t\u00edm, co napsat do sv\u00e9ho \u017eivotopisu, ned\u011blejte si s t\u00edm p\u0159\u00edli\u0161 velk\u00e9 starosti. Jen se ujist\u011bte, \u017ee v\u0161e, co \u0159\u00edk\u00e1te, zapad\u00e1 do hranic webu. N\u011bkter\u00e9 weby umo\u017e\u0148uj\u00ed zahrnout n\u011bkolik v\u011bt popisuj\u00edc\u00edch, kdo jste, ale jin\u00e9 vy\u017eaduj\u00ed, abyste vyplnili zdlouhav\u00fd formul\u00e1\u0159. Vyberte si mo\u017enost, kter\u00e1 v\u00e1m nejl\u00e9pe vyhovuje.<\/p>\n<h2>Nejlep\u0161\u00ed seznamovac\u00ed str\u00e1nky pro n\u011bco neform\u00e1ln\u00edho<\/h2>\n<h3>Nsa<\/h3>\n<p>NoStringsAttached je bezplatn\u00e1 seznamovac\u00ed aplikace navr\u017een\u00e1 speci\u00e1ln\u011b pro ty, kte\u0159\u00ed cht\u011bj\u00ed m\u00edt p\u0159\u00edle\u017eitostn\u00e9 z\u00e1le\u017eitosti, ani\u017e by byli chyceni. Nejsou p\u0159ipojeny \u017e\u00e1dn\u00e9 \u0159et\u011bzce; je zcela anonymn\u00ed, co\u017e znamen\u00e1, \u017ee se nemus\u00edte ob\u00e1vat, \u017ee byste byli vystaveni rodin\u011b nebo p\u0159\u00e1tel\u016fm va\u0161eho partnera. D\u00edky tomu je NSA ide\u00e1ln\u00ed pro lidi, kte\u0159\u00ed jsou ji\u017e diskr\u00e9tn\u00ed a cht\u011bj\u00ed se setkat s ostatn\u00edmi, kte\u0159\u00ed jsou tak\u00e9 ve stejn\u00e9 situaci.<\/p>\n<p>NSA nab\u00edz\u00ed \u0159adu funkc\u00ed, kter\u00e9 usnad\u0148uj\u00ed komunikaci s ostatn\u00edmi \u010dleny. M\u016f\u017eete pos\u00edlat zpr\u00e1vy prost\u0159ednictv\u00edm SMS, e-mailu, Facebook Messenger, WhatsApp, Skype a Kik. Pokud d\u00e1v\u00e1te p\u0159ednost videochat\u016fm, m\u016f\u017eete to ud\u011blat tak\u00e9. Aplikaci budete tak\u00e9 moci pou\u017e\u00edvat k po\u0159izov\u00e1n\u00ed fotek a vide\u00ed a jejich odes\u00edl\u00e1n\u00ed ostatn\u00edm \u010dlen\u016fm.<\/p>\n<p>Nejlep\u0161\u00ed na NSA je, \u017ee na webu se v\u017edy n\u011bco d\u011bje. A\u0165 u\u017e je to skupinov\u00fd chat, kde ka\u017ed\u00fd sd\u00edl\u00ed sv\u00e9 sexu\u00e1ln\u00ed fantazie, nebo n\u011bkdo, kdo hraje \u017eivou show, nikdy nen\u00ed nudn\u00fd okam\u017eik.<\/p>\n<h3>Zmaten\u00e9 chov\u00e1n\u00ed<\/h3>\n<p>Aplikace umo\u017e\u0148uje pos\u00edlat zpr\u00e1vy lidem do 24 hodin od registrace. Pokud n\u011bkdo neodpov\u00ed do 48 hodin, je po h\u0159e. Za pou\u017e\u00edv\u00e1n\u00ed aplikace se neplat\u00ed \u017e\u00e1dn\u00e9 poplatky a nemus\u00edte se ani registrovat, pokud nechcete pos\u00edlat zpr\u00e1vy.<\/p>\n<p>Sv\u016fj \u00fa\u010det m\u016f\u017eete nastavit v pouh\u00fdch p\u011bti kroc\u00edch. Pot\u00e9, co jste to ud\u011blali, jste p\u0159ipraveni j\u00edt. P\u0159i registraci si vyberete u\u017eivatelsk\u00e9 jm\u00e9no, pohlav\u00ed, v\u011bkov\u00e9 rozmez\u00ed, polohu, povol\u00e1n\u00ed a z\u00e1jmy. Odtud m\u016f\u017eete nahr\u00e1t a\u017e \u0161est obr\u00e1zk\u016f a ps\u00e1t o sob\u011b.<\/p>\n<p>Kdy\u017e za\u010dnete proch\u00e1zet profily, m\u016f\u017eete vid\u011bt, kolik lajk\u016f ka\u017ed\u00e1 osoba obdr\u017eela na z\u00e1klad\u011b sv\u00e9ho obr\u00e1zku. M\u016f\u017eete tak\u00e9 p\u0159ejet prstem doleva nebo doprava, aby se fotka l\u00edbila nebo nel\u00edbila.<\/p>\n<p>Pokud se rozhodnete n\u011bkomu poslat zpr\u00e1vu, m\u016f\u017eete bu\u010f napsat dlouh\u00fd text, nebo vyu\u017e\u00edt funkci automaticky generovan\u00e9ho chatu. M\u016f\u017eete tak\u00e9 nastavit soukrom\u00ed tak, aby lid\u00e9 nemohli vid\u011bt va\u0161e profilov\u00e9 informace.<\/p>\n<p>V aplikaci je spousta funkc\u00ed, v\u010detn\u011b zobrazen\u00ed mapy, kde m\u016f\u017eete vid\u011bt, kde \u017eij\u00ed va\u0161i p\u0159\u00e1tel\u00e9, mo\u017enost p\u0159ihl\u00e1sit se na m\u00edstech po cel\u00e9m m\u011bst\u011b a mo\u017enost vid\u011bt, co va\u0161i p\u0159\u00e1tel\u00e9 d\u011blaj\u00ed v re\u00e1ln\u00e9m \u010dase.<\/p>\n<p>Krom\u011b toho, \u017ee je Bumble zcela zdarma, je bezpe\u010dn\u00fdm m\u00edstem pro setk\u00e1n\u00ed mu\u017e\u016f i \u017een. \u017deny mohou odfiltrovat ne\u017e\u00e1douc\u00ed zpr\u00e1vy a mu\u017ei mohou smazat sv\u00e9 \u00fa\u010dty bez obav, \u017ee se dostanou do duch\u016f.<\/p>\n<h3>N\u00e1\u0161 \u010das<\/h3>\n<p>Internet je pln\u00fd online seznamek pro nezadan\u00e9, kte\u0159\u00ed hledaj\u00ed l\u00e1sku. Ale OurTime, nejnov\u011bj\u0161\u00ed nab\u00eddka od Match Group, je speci\u00e1ln\u011b navr\u017eena pro star\u0161\u00ed dosp\u011bl\u00e9.<\/p>\n<p>OurTime, kter\u00fd byl spu\u0161t\u011bn po\u010d\u00e1tkem tohoto m\u011bs\u00edce, nab\u00edz\u00ed \u0159adu funkc\u00ed zam\u011b\u0159en\u00fdch na osoby star\u0161\u00ed 50 let, v\u010detn\u011b pr\u00e9miov\u00fdch p\u0159edplatn\u00fdch, denn\u00edch z\u00e1pas\u016f a soci\u00e1ln\u00ed s\u00edt\u011b.<\/p>\n<p>Ale na rozd\u00edl od n\u011bkter\u00fdch jin\u00fdch seznamovac\u00edch aplikac\u00ed, OurTime nevy\u017eaduje kreditn\u00ed kartu pro p\u0159\u00edstup ke sv\u00fdm slu\u017eb\u00e1m. M\u00edsto toho mus\u00ed \u010dlenov\u00e9 platit m\u011bs\u00ed\u010dn\u00ed poplatky v rozmez\u00ed od 29,96 do 39,99 USD, v z\u00e1vislosti na tom, jak dlouho cht\u011bj\u00ed aplikaci pou\u017e\u00edvat.<\/p>\n<p>Zat\u00edmco OurTime je st\u00e1le relativn\u011b nezn\u00e1m\u00fd mezi tis\u00edcilet\u00edmi, m\u016f\u017ee se pochlubit v\u00fdznamn\u00fdm sledov\u00e1n\u00edm mezi baby boomers.<\/p>\n<h2>Seznamte se s va\u0161\u00edm datem<\/h2>\n<p>Kultura p\u0159ipojen\u00ed obklopuj\u00edc\u00ed sex je n\u011bco, s \u010d\u00edm mnoho mileni\u00e1l\u016f vyrostlo, a v pr\u016fb\u011bhu let se st\u00e1v\u00e1 st\u00e1le popul\u00e1rn\u011bj\u0161\u00edm. P\u0159ipojen\u00ed jsou nyn\u00ed pova\u017eov\u00e1na za norm\u00e1ln\u00ed sou\u010d\u00e1st \u017eivota, ale co to znamen\u00e1 pro na\u0161e zdrav\u00ed a pohodu?<\/p>\n<p>P\u0159ipojen\u00ed jsou \u010dasto zobrazov\u00e1na jako ne\u0161kodn\u00e1 z\u00e1bava, ale existuj\u00ed n\u011bkter\u00e9 v\u00e1\u017en\u00e9 nev\u00fdhody p\u0159\u00edle\u017eitostn\u00e9ho sexu. Od rizikov\u00fdch situac\u00ed a\u017e po potenci\u00e1ln\u011b nebezpe\u010dn\u00fd sex, zde je v\u0161e, co pot\u0159ebujete v\u011bd\u011bt o nebezpe\u010d\u00edch p\u0159\u00edle\u017eitostn\u00e9ho sexu.<\/p>\n","protected":false},"excerpt":{"rendered":"<div class=\"mh-excerpt\"><p>Pokud uva\u017eujete o sta\u017een\u00ed seznamovac\u00ed aplikace pro \u00fa\u010dely sextingu, je d\u016fle\u017eit\u00e9 v\u011bd\u011bt n\u011bkolik v\u011bc\u00ed p\u0159edem. Za prv\u00e9, ano, existuje rozhodn\u011b m\u00e9n\u011b z\u00e1bran spojen\u00fdch se sextingem <a class=\"mh-excerpt-more\" href=\"http:\/\/booksbiscuitsandtea.co.uk\/cs\/\" title=\"Pr\u016fvodce naj\u00edt l\u00e1sku ve va\u0161\u00ed oblasti\">[&#8230;]<\/a><\/p>\n<\/div>","protected":false},"author":1,"featured_media":69,"parent":0,"menu_order":0,"comment_status":"closed","ping_status":"closed","template":"","meta":[],"yoast_head":"<!-- This site is optimized with the Yoast SEO plugin v17.7.1 - https:\/\/yoast.com\/wordpress\/plugins\/seo\/ -->\n<title>Pr\u016fvodce naj\u00edt l\u00e1sku ve va\u0161\u00ed oblasti - Online Hookup Advice<\/title>\n<meta name=\"robots\" content=\"index, follow, max-snippet:-1, max-image-preview:large, max-video-preview:-1\" \/>\n<link rel=\"canonical\" href=\"http:\/\/booksbiscuitsandtea.co.uk\/cs\/\" \/>\n<meta property=\"og:locale\" content=\"cs_CZ\" \/>\n<meta property=\"og:type\" content=\"article\" \/>\n<meta property=\"og:title\" content=\"Pr\u016fvodce naj\u00edt l\u00e1sku ve va\u0161\u00ed oblasti - Online Hookup Advice\" \/>\n<meta property=\"og:description\" content=\"Pokud uva\u017eujete o sta\u017een\u00ed seznamovac\u00ed aplikace pro \u00fa\u010dely sextingu, je d\u016fle\u017eit\u00e9 v\u011bd\u011bt n\u011bkolik v\u011bc\u00ed p\u0159edem. Za prv\u00e9, ano, existuje rozhodn\u011b m\u00e9n\u011b z\u00e1bran spojen\u00fdch se sextingem [...]\" \/>\n<meta property=\"og:url\" content=\"http:\/\/booksbiscuitsandtea.co.uk\/cs\/\" \/>\n<meta property=\"og:site_name\" content=\"Online Hookup Advice\" \/>\n<meta name=\"twitter:card\" content=\"summary_large_image\" \/>\n<meta name=\"twitter:image\" content=\"http:\/\/booksbiscuitsandtea.co.uk\/wp-content\/uploads\/2022\/09\/casual-chat-apps.webp\" \/>\n<meta name=\"twitter:label1\" content=\"Odhadovan\u00e1 doba \u010dten\u00ed\" \/>\n\t<meta name=\"twitter:data1\" content=\"6 minut\" \/>\n<script type=\"application\/ld+json\" class=\"yoast-schema-graph\">{\"@context\":\"https:\/\/schema.org\",\"@graph\":[{\"@type\":\"WebSite\",\"@id\":\"https:\/\/booksbiscuitsandtea.co.uk\/#website\",\"url\":\"https:\/\/booksbiscuitsandtea.co.uk\/\",\"name\":\"Online Hookup Advice\",\"description\":\"Meet Your Next Partner\",\"potentialAction\":[{\"@type\":\"SearchAction\",\"target\":{\"@type\":\"EntryPoint\",\"urlTemplate\":\"https:\/\/booksbiscuitsandtea.co.uk\/?s={search_term_string}\"},\"query-input\":\"required name=search_term_string\"}],\"inLanguage\":\"cs\"},{\"@type\":\"ImageObject\",\"@id\":\"http:\/\/booksbiscuitsandtea.co.uk\/cs\/#primaryimage\",\"inLanguage\":\"cs\",\"url\":\"http:\/\/booksbiscuitsandtea.co.uk\/wp-content\/uploads\/2022\/09\/casual-chat-apps.webp\",\"contentUrl\":\"http:\/\/booksbiscuitsandtea.co.uk\/wp-content\/uploads\/2022\/09\/casual-chat-apps.webp\",\"width\":1046,\"height\":750},{\"@type\":\"WebPage\",\"@id\":\"http:\/\/booksbiscuitsandtea.co.uk\/cs\/#webpage\",\"url\":\"http:\/\/booksbiscuitsandtea.co.uk\/cs\/\",\"name\":\"Pr\\u016fvodce naj\\u00edt l\\u00e1sku ve va\\u0161\\u00ed oblasti - Online Hookup Advice\",\"isPartOf\":{\"@id\":\"https:\/\/booksbiscuitsandtea.co.uk\/#website\"},\"primaryImageOfPage\":{\"@id\":\"http:\/\/booksbiscuitsandtea.co.uk\/cs\/#primaryimage\"},\"datePublished\":\"2022-09-05T13:32:18+00:00\",\"dateModified\":\"2022-09-05T13:32:18+00:00\",\"breadcrumb\":{\"@id\":\"http:\/\/booksbiscuitsandtea.co.uk\/cs\/#breadcrumb\"},\"inLanguage\":\"cs\",\"potentialAction\":[{\"@type\":\"ReadAction\",\"target\":[\"http:\/\/booksbiscuitsandtea.co.uk\/cs\/\"]}]},{\"@type\":\"BreadcrumbList\",\"@id\":\"http:\/\/booksbiscuitsandtea.co.uk\/cs\/#breadcrumb\",\"itemListElement\":[{\"@type\":\"ListItem\",\"position\":1,\"name\":\"Home\",\"item\":\"https:\/\/booksbiscuitsandtea.co.uk\/cs\/\"},{\"@type\":\"ListItem\",\"position\":2,\"name\":\"Pr\\u016fvodce naj\\u00edt l\\u00e1sku ve va\\u0161\\u00ed oblasti\"}]}]}<\/script>\n<!-- \/ Yoast SEO plugin. -->","yoast_head_json":{"title":"Pr\u016fvodce naj\u00edt l\u00e1sku ve va\u0161\u00ed oblasti - Online Hookup Advice","robots":{"index":"index","follow":"follow","max-snippet":"max-snippet:-1","max-image-preview":"max-image-preview:large","max-video-preview":"max-video-preview:-1"},"canonical":"http:\/\/booksbiscuitsandtea.co.uk\/cs\/","og_locale":"cs_CZ","og_type":"article","og_title":"Pr\u016fvodce naj\u00edt l\u00e1sku ve va\u0161\u00ed oblasti - Online Hookup Advice","og_description":"Pokud uva\u017eujete o sta\u017een\u00ed seznamovac\u00ed aplikace pro \u00fa\u010dely sextingu, je d\u016fle\u017eit\u00e9 v\u011bd\u011bt n\u011bkolik v\u011bc\u00ed p\u0159edem. Za prv\u00e9, ano, existuje rozhodn\u011b m\u00e9n\u011b z\u00e1bran spojen\u00fdch se sextingem [...]","og_url":"http:\/\/booksbiscuitsandtea.co.uk\/cs\/","og_site_name":"Online Hookup Advice","twitter_card":"summary_large_image","twitter_image":"http:\/\/booksbiscuitsandtea.co.uk\/wp-content\/uploads\/2022\/09\/casual-chat-apps.webp","twitter_misc":{"Odhadovan\u00e1 doba \u010dten\u00ed":"6 minut"},"schema":{"@context":"https:\/\/schema.org","@graph":[{"@type":"WebSite","@id":"https:\/\/booksbiscuitsandtea.co.uk\/#website","url":"https:\/\/booksbiscuitsandtea.co.uk\/","name":"Online Hookup Advice","description":"Meet Your Next Partner","potentialAction":[{"@type":"SearchAction","target":{"@type":"EntryPoint","urlTemplate":"https:\/\/booksbiscuitsandtea.co.uk\/?s={search_term_string}"},"query-input":"required name=search_term_string"}],"inLanguage":"cs"},{"@type":"ImageObject","@id":"http:\/\/booksbiscuitsandtea.co.uk\/cs\/#primaryimage","inLanguage":"cs","url":"http:\/\/booksbiscuitsandtea.co.uk\/wp-content\/uploads\/2022\/09\/casual-chat-apps.webp","contentUrl":"http:\/\/booksbiscuitsandtea.co.uk\/wp-content\/uploads\/2022\/09\/casual-chat-apps.webp","width":1046,"height":750},{"@type":"WebPage","@id":"http:\/\/booksbiscuitsandtea.co.uk\/cs\/#webpage","url":"http:\/\/booksbiscuitsandtea.co.uk\/cs\/","name":"Pr\u016fvodce naj\u00edt l\u00e1sku ve va\u0161\u00ed oblasti - Online Hookup Advice","isPartOf":{"@id":"https:\/\/booksbiscuitsandtea.co.uk\/#website"},"primaryImageOfPage":{"@id":"http:\/\/booksbiscuitsandtea.co.uk\/cs\/#primaryimage"},"datePublished":"2022-09-05T13:32:18+00:00","dateModified":"2022-09-05T13:32:18+00:00","breadcrumb":{"@id":"http:\/\/booksbiscuitsandtea.co.uk\/cs\/#breadcrumb"},"inLanguage":"cs","potentialAction":[{"@type":"ReadAction","target":["http:\/\/booksbiscuitsandtea.co.uk\/cs\/"]}]},{"@type":"BreadcrumbList","@id":"http:\/\/booksbiscuitsandtea.co.uk\/cs\/#breadcrumb","itemListElement":[{"@type":"ListItem","position":1,"name":"Home","item":"https:\/\/booksbiscuitsandtea.co.uk\/cs\/"},{"@type":"ListItem","position":2,"name":"Pr\u016fvodce naj\u00edt l\u00e1sku ve va\u0161\u00ed oblasti"}]}]}},"_links":{"self":[{"href":"http:\/\/booksbiscuitsandtea.co.uk\/cs\/wp-json\/wp\/v2\/pages\/160"}],"collection":[{"href":"http:\/\/booksbiscuitsandtea.co.uk\/cs\/wp-json\/wp\/v2\/pages"}],"about":[{"href":"http:\/\/booksbiscuitsandtea.co.uk\/cs\/wp-json\/wp\/v2\/types\/page"}],"author":[{"embeddable":true,"href":"http:\/\/booksbiscuitsandtea.co.uk\/cs\/wp-json\/wp\/v2\/users\/1"}],"replies":[{"embeddable":true,"href":"http:\/\/booksbiscuitsandtea.co.uk\/cs\/wp-json\/wp\/v2\/comments?post=160"}],"version-history":[{"count":0,"href":"http:\/\/booksbiscuitsandtea.co.uk\/cs\/wp-json\/wp\/v2\/pages\/160\/revisions"}],"wp:featuredmedia":[{"embeddable":true,"href":"http:\/\/booksbiscuitsandtea.co.uk\/cs\/wp-json\/wp\/v2\/media\/69"}],"wp:attachment":[{"href":"http:\/\/booksbiscuitsandtea.co.uk\/cs\/wp-json\/wp\/v2\/media?parent=160"}],"curies":[{"name":"wp","href":"https:\/\/api.w.org\/{rel}","templated":true}]}}