{"id":166,"date":"2022-09-05T14:32:18","date_gmt":"2022-09-05T13:32:18","guid":{"rendered":"http:\/\/booksbiscuitsandtea.co.uk\/guide-til-at-finde-kaerlighed-i-dit-omraade\/"},"modified":"2022-09-05T14:32:18","modified_gmt":"2022-09-05T13:32:18","slug":"guide-til-at-finde-kaerlighed-i-dit-omraade","status":"publish","type":"page","link":"http:\/\/booksbiscuitsandtea.co.uk\/da\/","title":{"rendered":"Guide til at finde k\u00e6rlighed i dit omr\u00e5de"},"content":{"rendered":"<p>Hvis du overvejer at downloade en datingapp til sextingform\u00e5l, er det vigtigt at vide et par ting p\u00e5 forh\u00e5nd. For det f\u00f8rste, ja, der er bestemt mindre h\u00e6mninger involveret i sexting end at bruge en traditionel datingapp til at finde en mulig romantisk partner, men der er stadig standarder for etikette, du skal overholde.<\/p>\n<p>Ingen app kan helt beskytte dine personlige oplysninger for dig. Du kan simpelthen ikke kontrollere, hvad andre g\u00f8r med dine data, n\u00e5r de f\u00f8rst har downloadet dem. For dem med super travle tidsplaner eller dem, der bare ikke har plads nok i deres liv til et stabilt ansigtsforhold, kan sexting v\u00e6re en livredder. Din sexlyst forsvinder ikke, bare fordi du har travlt. Faktisk giver sexting dig mulighed for at tilfredsstille dine seksuelle behov uden at skulle s\u00e6tte dig selv ud. N\u00e5r alt kommer til alt kan du tage dig af dine seksuelle lyster uden at skulle bekymre dig om andre. Frihed: Med sexting er du i stand til at slippe lidt l\u00f8s og udforske din seksualitet vel vidende, at der er en vis barriere mellem dig.<\/p>\n<h2>K\u00e6rlighed eller beg\u00e6r?<\/h2>\n<p>En verden af online dating er ikke altid sjov og ballade. Nogle gange f\u00f8les det som et minefelt fuld af landminer, og nogle gange f\u00f8les det som et spilshow, hvor alle ved, hvad de laver. Men der er nogle ting, vi ved om, hvordan man navigerer i farvandet ved online dating. Her er fem tips til at finde k\u00e6rligheden i den digitale tidsalder.<\/p>\n<h3>V\u00e6r dig selv.<\/h3>\n<p>Online dating sites arbejder ud fra det samme princip som det virkelige liv: Du vil m\u00f8de nogen, der virkelig er interesseret i at m\u00f8de mennesker som dig. Hvis du pr\u00f8ver at foregive at v\u00e6re en anden, vil du sandsynligvis ende med at blive skuffet. I stedet skal du bare v\u00e6re \u00e6rlig om, hvem du er, og lade det guide dig.<\/p>\n<h3>T\u00e6nk ikke for meget over det.<\/h3>\n<p>Hvis du har problemer med at finde ud af, hvad du skal skrive i din bio, skal du ikke bekymre dig for meget om det. Bare s\u00f8rg for, at uanset hvad du siger, passer inden for webstedets rammer. Nogle websteder giver dig mulighed for at inkludere et par s\u00e6tninger, der beskriver, hvem du er, men andre kr\u00e6ver, at du udfylder en lang formular. V\u00e6lg den mulighed, der fungerer bedst for dig.<\/p>\n<h2>Bedste datingsider til noget afslappet<\/h2>\n<h3>Nsa<\/h3>\n<p>NoStringsAttached er en gratis dating app designet specielt til dem, der \u00f8nsker at have afslappede anliggender uden at blive fanget. Der er ingen bindinger; det er helt anonymt, hvilket betyder, at du ikke beh\u00f8ver at bekymre dig om at blive udsat for din partners familie eller venner. Dette g\u00f8r NSA ideel til folk, der allerede er diskrete og \u00f8nsker at m\u00f8de andre, der ogs\u00e5 er i samme situation.<\/p>\n<p>NSA tilbyder en r\u00e6kke funktioner, der g\u00f8r det nemt at kommunikere med andre medlemmer. Du kan sende beskeder via SMS, e-mail, Facebook Messenger, WhatsApp, Skype og Kik. Hvis du foretr\u00e6kker videochats, kan du ogs\u00e5 g\u00f8re det. Du kan ogs\u00e5 bruge appen til at tage billeder og videoer af dig selv og sende dem til andre medlemmer.<\/p>\n<p>Den bedste del af NSA er, at der altid sker noget p\u00e5 webstedet. Uanset om det er en gruppechat, hvor alle deler deres seksuelle fantasier eller nogen, der udf\u00f8rer et liveshow, er der aldrig et kedeligt \u00f8jeblik.<\/p>\n<h3>Bumble<\/h3>\n<p>Appen giver dig mulighed for at sende beskeder til folk inden for 24 timer efter tilmelding. Hvis nogen ikke svarer inden for 48 timer, er det game over. Der er ingen gebyrer for at bruge appen, og du beh\u00f8ver ikke engang at registrere dig, medmindre du vil sende beskeder.<\/p>\n<p>Du kan konfigurere din konto i kun fem trin. N\u00e5r du har gjort det, er du klar til at g\u00e5. N\u00e5r du tilmelder dig, v\u00e6lger du et brugernavn, k\u00f8n, aldersgruppe, placering, erhverv og interesser. Derfra kan du uploade op til seks billeder og skrive om dig selv.<\/p>\n<p>N\u00e5r du begynder at gennemse profiler, kan du se, hvor mange likes hver person har modtaget baseret p\u00e5 deres billede. Du kan ogs\u00e5 stryge til venstre eller h\u00f8jre for at kunne lide eller ikke lide et billede.<\/p>\n<p>Hvis du beslutter dig for at sende en besked til nogen, kan du enten skrive en lang tekst eller drage fordel af den automatisk genererede chatfunktion. Du kan ogs\u00e5 indstille dine privatlivsindstillinger til at tillade eller blokere folk fra at se dine profiloplysninger.<\/p>\n<p>Der er masser af funktioner inkluderet i appen, herunder en kortvisning, hvor du kan se, hvor dine venner bor, muligheden for at tjekke ind p\u00e5 steder rundt om i byen og muligheden for at se, hvad dine venner laver i realtid.<\/p>\n<p>Ud over at v\u00e6re helt gratis er Bumble et sikkert sted for b\u00e5de m\u00e6nd og kvinder at m\u00f8des. Kvinder kan filtrere u\u00f8nskede beskeder fra, og fyre kan slette deres konti uden frygt for at blive ghostet.<\/p>\n<h3>Vores tid<\/h3>\n<p>Internettet er fuld af online dating sites for singler p\u00e5 udkig efter k\u00e6rlighed. Men OurTime, det seneste tilbud fra Match Group, er specielt designet til \u00e6ldre voksne.<\/p>\n<p>OurTime blev lanceret tidligere p\u00e5 m\u00e5neden og tilbyder en r\u00e6kke funktioner rettet mod dem over 50 \u00e5r, herunder premium-abonnementer, daglige kampe og et socialt netv\u00e6rk.<\/p>\n<p>Men i mods\u00e6tning til nogle af de andre datingapps derude kr\u00e6ver OurTime ikke et kreditkort for at f\u00e5 adgang til sine tjenester. I stedet skal medlemmer betale m\u00e5nedlige gebyrer, der sp\u00e6nder fra $ 29.96 til $ 39.99, afh\u00e6ngigt af hvor l\u00e6nge de vil bruge appen.<\/p>\n<p>Mens OurTime stadig er relativt ukendt blandt \u00e5rtusinder, kan den prale af en betydelig tilh\u00e6ngerskare blandt baby boomers.<\/p>\n<h2>M\u00f8d din date<\/h2>\n<p>Tilslutningskulturen omkring sex er noget, mange \u00e5rtusinder voksede op med, og det er blevet mere og mere popul\u00e6rt gennem \u00e5rene. Tilslutninger ses nu som en normal del af livet, men hvad betyder det for vores helbred og velv\u00e6re?<\/p>\n<p>Hookups er ofte portr\u00e6tteret som harml\u00f8s sjov, men der er nogle alvorlige ulemper ved afslappet sex. Fra risikable situationer til potentielt usikker sex, her er alt hvad du beh\u00f8ver at vide om farerne ved afslappet sex.<\/p>\n","protected":false},"excerpt":{"rendered":"<div class=\"mh-excerpt\"><p>Hvis du overvejer at downloade en datingapp til sextingform\u00e5l, er det vigtigt at vide et par ting p\u00e5 forh\u00e5nd. For det f\u00f8rste, ja, der er <a class=\"mh-excerpt-more\" href=\"http:\/\/booksbiscuitsandtea.co.uk\/da\/\" title=\"Guide til at finde k\u00e6rlighed i dit omr\u00e5de\">[&#8230;]<\/a><\/p>\n<\/div>","protected":false},"author":1,"featured_media":70,"parent":0,"menu_order":0,"comment_status":"closed","ping_status":"closed","template":"","meta":[],"yoast_head":"<!-- This site is optimized with the Yoast SEO plugin v17.7.1 - https:\/\/yoast.com\/wordpress\/plugins\/seo\/ -->\n<title>Guide til at finde k\u00e6rlighed i dit omr\u00e5de - Online Hookup Advice<\/title>\n<meta name=\"robots\" content=\"index, follow, max-snippet:-1, max-image-preview:large, max-video-preview:-1\" \/>\n<link rel=\"canonical\" href=\"http:\/\/booksbiscuitsandtea.co.uk\/da\/\" \/>\n<meta property=\"og:locale\" content=\"da_DK\" \/>\n<meta property=\"og:type\" content=\"article\" \/>\n<meta property=\"og:title\" content=\"Guide til at finde k\u00e6rlighed i dit omr\u00e5de - Online Hookup Advice\" \/>\n<meta property=\"og:description\" content=\"Hvis du overvejer at downloade en datingapp til sextingform\u00e5l, er det vigtigt at vide et par ting p\u00e5 forh\u00e5nd. For det f\u00f8rste, ja, der er [...]\" \/>\n<meta property=\"og:url\" content=\"http:\/\/booksbiscuitsandtea.co.uk\/da\/\" \/>\n<meta property=\"og:site_name\" content=\"Online Hookup Advice\" \/>\n<meta name=\"twitter:card\" content=\"summary_large_image\" \/>\n<meta name=\"twitter:image\" content=\"http:\/\/booksbiscuitsandtea.co.uk\/wp-content\/uploads\/2022\/09\/casual-chat-apps.webp\" \/>\n<meta name=\"twitter:label1\" content=\"Estimeret l\u00e6setid\" \/>\n\t<meta name=\"twitter:data1\" content=\"5 minutter\" \/>\n<script type=\"application\/ld+json\" class=\"yoast-schema-graph\">{\"@context\":\"https:\/\/schema.org\",\"@graph\":[{\"@type\":\"WebSite\",\"@id\":\"https:\/\/booksbiscuitsandtea.co.uk\/#website\",\"url\":\"https:\/\/booksbiscuitsandtea.co.uk\/\",\"name\":\"Online Hookup Advice\",\"description\":\"Meet Your Next Partner\",\"potentialAction\":[{\"@type\":\"SearchAction\",\"target\":{\"@type\":\"EntryPoint\",\"urlTemplate\":\"https:\/\/booksbiscuitsandtea.co.uk\/?s={search_term_string}\"},\"query-input\":\"required name=search_term_string\"}],\"inLanguage\":\"da-DK\"},{\"@type\":\"ImageObject\",\"@id\":\"http:\/\/booksbiscuitsandtea.co.uk\/da\/#primaryimage\",\"inLanguage\":\"da-DK\",\"url\":\"http:\/\/booksbiscuitsandtea.co.uk\/wp-content\/uploads\/2022\/09\/casual-chat-apps.webp\",\"contentUrl\":\"http:\/\/booksbiscuitsandtea.co.uk\/wp-content\/uploads\/2022\/09\/casual-chat-apps.webp\",\"width\":1046,\"height\":750},{\"@type\":\"WebPage\",\"@id\":\"http:\/\/booksbiscuitsandtea.co.uk\/da\/#webpage\",\"url\":\"http:\/\/booksbiscuitsandtea.co.uk\/da\/\",\"name\":\"Guide til at finde k\\u00e6rlighed i dit omr\\u00e5de - Online Hookup Advice\",\"isPartOf\":{\"@id\":\"https:\/\/booksbiscuitsandtea.co.uk\/#website\"},\"primaryImageOfPage\":{\"@id\":\"http:\/\/booksbiscuitsandtea.co.uk\/da\/#primaryimage\"},\"datePublished\":\"2022-09-05T13:32:18+00:00\",\"dateModified\":\"2022-09-05T13:32:18+00:00\",\"breadcrumb\":{\"@id\":\"http:\/\/booksbiscuitsandtea.co.uk\/da\/#breadcrumb\"},\"inLanguage\":\"da-DK\",\"potentialAction\":[{\"@type\":\"ReadAction\",\"target\":[\"http:\/\/booksbiscuitsandtea.co.uk\/da\/\"]}]},{\"@type\":\"BreadcrumbList\",\"@id\":\"http:\/\/booksbiscuitsandtea.co.uk\/da\/#breadcrumb\",\"itemListElement\":[{\"@type\":\"ListItem\",\"position\":1,\"name\":\"Home\",\"item\":\"http:\/\/booksbiscuitsandtea.co.uk\/da\/\"},{\"@type\":\"ListItem\",\"position\":2,\"name\":\"Guide til at finde k\\u00e6rlighed i dit omr\\u00e5de\"}]}]}<\/script>\n<!-- \/ Yoast SEO plugin. -->","yoast_head_json":{"title":"Guide til at finde k\u00e6rlighed i dit omr\u00e5de - Online Hookup Advice","robots":{"index":"index","follow":"follow","max-snippet":"max-snippet:-1","max-image-preview":"max-image-preview:large","max-video-preview":"max-video-preview:-1"},"canonical":"http:\/\/booksbiscuitsandtea.co.uk\/da\/","og_locale":"da_DK","og_type":"article","og_title":"Guide til at finde k\u00e6rlighed i dit omr\u00e5de - Online Hookup Advice","og_description":"Hvis du overvejer at downloade en datingapp til sextingform\u00e5l, er det vigtigt at vide et par ting p\u00e5 forh\u00e5nd. For det f\u00f8rste, ja, der er [...]","og_url":"http:\/\/booksbiscuitsandtea.co.uk\/da\/","og_site_name":"Online Hookup Advice","twitter_card":"summary_large_image","twitter_image":"http:\/\/booksbiscuitsandtea.co.uk\/wp-content\/uploads\/2022\/09\/casual-chat-apps.webp","twitter_misc":{"Estimeret l\u00e6setid":"5 minutter"},"schema":{"@context":"https:\/\/schema.org","@graph":[{"@type":"WebSite","@id":"https:\/\/booksbiscuitsandtea.co.uk\/#website","url":"https:\/\/booksbiscuitsandtea.co.uk\/","name":"Online Hookup Advice","description":"Meet Your Next Partner","potentialAction":[{"@type":"SearchAction","target":{"@type":"EntryPoint","urlTemplate":"https:\/\/booksbiscuitsandtea.co.uk\/?s={search_term_string}"},"query-input":"required name=search_term_string"}],"inLanguage":"da-DK"},{"@type":"ImageObject","@id":"http:\/\/booksbiscuitsandtea.co.uk\/da\/#primaryimage","inLanguage":"da-DK","url":"http:\/\/booksbiscuitsandtea.co.uk\/wp-content\/uploads\/2022\/09\/casual-chat-apps.webp","contentUrl":"http:\/\/booksbiscuitsandtea.co.uk\/wp-content\/uploads\/2022\/09\/casual-chat-apps.webp","width":1046,"height":750},{"@type":"WebPage","@id":"http:\/\/booksbiscuitsandtea.co.uk\/da\/#webpage","url":"http:\/\/booksbiscuitsandtea.co.uk\/da\/","name":"Guide til at finde k\u00e6rlighed i dit omr\u00e5de - Online Hookup Advice","isPartOf":{"@id":"https:\/\/booksbiscuitsandtea.co.uk\/#website"},"primaryImageOfPage":{"@id":"http:\/\/booksbiscuitsandtea.co.uk\/da\/#primaryimage"},"datePublished":"2022-09-05T13:32:18+00:00","dateModified":"2022-09-05T13:32:18+00:00","breadcrumb":{"@id":"http:\/\/booksbiscuitsandtea.co.uk\/da\/#breadcrumb"},"inLanguage":"da-DK","potentialAction":[{"@type":"ReadAction","target":["http:\/\/booksbiscuitsandtea.co.uk\/da\/"]}]},{"@type":"BreadcrumbList","@id":"http:\/\/booksbiscuitsandtea.co.uk\/da\/#breadcrumb","itemListElement":[{"@type":"ListItem","position":1,"name":"Home","item":"http:\/\/booksbiscuitsandtea.co.uk\/da\/"},{"@type":"ListItem","position":2,"name":"Guide til at finde k\u00e6rlighed i dit omr\u00e5de"}]}]}},"_links":{"self":[{"href":"http:\/\/booksbiscuitsandtea.co.uk\/da\/wp-json\/wp\/v2\/pages\/166"}],"collection":[{"href":"http:\/\/booksbiscuitsandtea.co.uk\/da\/wp-json\/wp\/v2\/pages"}],"about":[{"href":"http:\/\/booksbiscuitsandtea.co.uk\/da\/wp-json\/wp\/v2\/types\/page"}],"author":[{"embeddable":true,"href":"http:\/\/booksbiscuitsandtea.co.uk\/da\/wp-json\/wp\/v2\/users\/1"}],"replies":[{"embeddable":true,"href":"http:\/\/booksbiscuitsandtea.co.uk\/da\/wp-json\/wp\/v2\/comments?post=166"}],"version-history":[{"count":0,"href":"http:\/\/booksbiscuitsandtea.co.uk\/da\/wp-json\/wp\/v2\/pages\/166\/revisions"}],"wp:featuredmedia":[{"embeddable":true,"href":"http:\/\/booksbiscuitsandtea.co.uk\/da\/wp-json\/wp\/v2\/media\/70"}],"wp:attachment":[{"href":"http:\/\/booksbiscuitsandtea.co.uk\/da\/wp-json\/wp\/v2\/media?parent=166"}],"curies":[{"name":"wp","href":"https:\/\/api.w.org\/{rel}","templated":true}]}}