{"id":157,"date":"2022-09-05T14:32:18","date_gmt":"2022-09-05T13:32:18","guid":{"rendered":"http:\/\/booksbiscuitsandtea.co.uk\/leitfaden-um-liebe-in-ihrer-naehe-zu-finden\/"},"modified":"2022-09-05T14:32:18","modified_gmt":"2022-09-05T13:32:18","slug":"leitfaden-um-liebe-in-ihrer-naehe-zu-finden","status":"publish","type":"page","link":"http:\/\/booksbiscuitsandtea.co.uk\/de\/","title":{"rendered":"Leitfaden, um Liebe in Ihrer N\u00e4he zu finden"},"content":{"rendered":"<p>Wenn Sie dar\u00fcber nachdenken, eine Dating-App f\u00fcr Sexting-Zwecke herunterzuladen, ist es wichtig, vorher ein paar Dinge zu wissen. Zun\u00e4chst einmal, ja, es gibt definitiv weniger Hemmungen beim Sexting als bei der Verwendung einer traditionellen Dating-App, um einen m\u00f6glichen romantischen Partner zu finden, aber es gibt immer noch Standards der Etikette, an die Sie sich halten m\u00fcssen.<\/p>\n<p>Keine App kann Ihre pers\u00f6nlichen Daten vollst\u00e4ndig f\u00fcr Sie sch\u00fctzen. Sie k\u00f6nnen einfach nicht kontrollieren, was andere mit Ihren Daten machen, nachdem sie sie heruntergeladen haben. F\u00fcr diejenigen mit super vollen Terminkalendern oder diejenigen, die einfach nicht genug Platz in ihrem Leben f\u00fcr eine stabile pers\u00f6nliche Beziehung haben, kann Sexting ein Lebensretter sein. Dein Sexualtrieb verschwindet nicht, nur weil du besch\u00e4ftigt bist. In der Tat erm\u00f6glicht Ihnen Sexting, Ihre sexuellen Bed\u00fcrfnisse zu befriedigen, ohne sich selbst herausstellen zu m\u00fcssen. Schlie\u00dflich k\u00f6nnen Sie sich um Ihre sexuellen W\u00fcnsche k\u00fcmmern, ohne sich um jemand anderen k\u00fcmmern zu m\u00fcssen. Freiheit: Mit Sexting bist du in der Lage, ein wenig loszulassen und deine Sexualit\u00e4t zu erforschen, wissend, dass es eine gewisse Barriere zwischen dir gibt.<\/p>\n<h2>Liebe oder Lust?<\/h2>\n<p>Die Welt des Online-Datings ist nicht immer Spa\u00df und Spiel. Manchmal f\u00fchlt es sich an wie ein Minenfeld voller Landminen, und manchmal f\u00fchlt es sich wie eine Spielshow an, in der jeder wei\u00df, was er tut. Aber es gibt einige Dinge, die wir dar\u00fcber wissen, wie man durch die Gew\u00e4sser des Online-Datings navigiert. Hier sind f\u00fcnf Tipps, um die Liebe im digitalen Zeitalter zu finden.<\/p>\n<h3>Sei du selbst.<\/h3>\n<p>Online-Dating-Sites arbeiten nach dem gleichen Prinzip wie im wirklichen Leben: Sie m\u00f6chten jemanden treffen, der wirklich daran interessiert ist, Menschen wie Sie zu treffen. Wenn Sie versuchen, so zu tun, als w\u00e4ren Sie jemand anderes, werden Sie wahrscheinlich entt\u00e4uscht sein. Sei stattdessen einfach ehrlich dar\u00fcber, wer du bist und lass dich davon leiten.<\/p>\n<h3>Denken Sie nicht zu viel dar\u00fcber nach.<\/h3>\n<p>Wenn Sie Schwierigkeiten haben, herauszufinden, was Sie in Ihrer Biografie schreiben sollen, machen Sie sich nicht zu viele Sorgen. Stellen Sie einfach sicher, dass alles, was Sie sagen, in die Grenzen der Website passt. Auf einigen Websites k\u00f6nnen Sie ein paar S\u00e4tze einf\u00fcgen, die beschreiben, wer Sie sind, aber andere erfordern, dass Sie ein langes Formular ausf\u00fcllen. W\u00e4hlen Sie die Option aus, die f\u00fcr Sie am besten geeignet ist.<\/p>\n<h2>Beste Dating-Sites f\u00fcr etwas L\u00e4ssiges<\/h2>\n<h3>Nsa<\/h3>\n<p>NoStringsAttached ist eine kostenlose Dating-App, die speziell f\u00fcr diejenigen entwickelt wurde, die gelegentliche Aff\u00e4ren haben m\u00f6chten, ohne erwischt zu werden. Es sind keine Bedingungen gekn\u00fcpft; Es ist v\u00f6llig anonym, was bedeutet, dass Sie sich keine Sorgen machen m\u00fcssen, der Familie oder den Freunden Ihres Partners ausgesetzt zu sein. Dies macht die NSA ideal f\u00fcr Menschen, die bereits diskret sind und andere treffen m\u00f6chten, die sich ebenfalls in der gleichen Situation befinden.<\/p>\n<p>Die NSA bietet eine Vielzahl von Funktionen, die die Kommunikation mit anderen Mitgliedern erleichtern. Sie k\u00f6nnen Nachrichten per SMS, E-Mail, Facebook Messenger, WhatsApp, Skype und Kik senden. Wenn Sie Video-Chats bevorzugen, k\u00f6nnen Sie das auch tun. Sie k\u00f6nnen die App auch verwenden, um Fotos und Videos von sich selbst zu machen und sie an andere Mitglieder zu senden.<\/p>\n<p>Das Beste an der NSA ist, dass auf der Website immer etwas passiert. Egal, ob es sich um einen Gruppenchat handelt, in dem jeder seine sexuellen Fantasien teilt, oder um jemanden, der eine Live-Show spielt, es gibt nie einen langweiligen Moment.<\/p>\n<h3>Wichtigtuer<\/h3>\n<p>Mit der App k\u00f6nnen Sie innerhalb von 24 Stunden nach der Anmeldung Nachrichten an Personen senden. Wenn jemand nicht innerhalb von 48 Stunden antwortet, ist das Spiel vorbei. Es gibt keine Geb\u00fchren f\u00fcr die Nutzung der App, und Sie m\u00fcssen sich nicht einmal registrieren, es sei denn, Sie m\u00f6chten Nachrichten senden.<\/p>\n<p>Sie k\u00f6nnen Ihr Konto in nur f\u00fcnf Schritten einrichten. Nachdem Sie das getan haben, sind Sie bereit zu gehen. Wenn Sie sich anmelden, w\u00e4hlen Sie einen Benutzernamen, ein Geschlecht, eine Altersgruppe, einen Standort, einen Beruf und Interessen aus. Von dort aus k\u00f6nnen Sie bis zu sechs Bilder hochladen und \u00fcber sich selbst schreiben.<\/p>\n<p>Wenn Sie mit dem Durchsuchen von Profilen beginnen, k\u00f6nnen Sie anhand ihres Bildes sehen, wie viele Likes jede Person erhalten hat. Sie k\u00f6nnen auch nach links oder rechts wischen, um ein Foto zu m\u00f6gen oder nicht zu m\u00f6gen.<\/p>\n<p>Wenn Sie sich entscheiden, jemandem eine Nachricht zu senden, k\u00f6nnen Sie entweder einen langen Text eingeben oder die automatisch generierte Chat-Funktion nutzen. Sie k\u00f6nnen Ihre Datenschutzeinstellungen auch so festlegen, dass Personen Ihre Profilinformationen sehen oder blockieren k\u00f6nnen.<\/p>\n<p>Es gibt Tonnen von Funktionen, die in der App enthalten sind, einschlie\u00dflich einer Kartenansicht, in der Sie sehen k\u00f6nnen, wo Ihre Freunde leben, die M\u00f6glichkeit, an Orten in der Stadt einzuchecken, und die M\u00f6glichkeit, zu sehen, was Ihre Freunde in Echtzeit tun.<\/p>\n<p>Bumble ist nicht nur v\u00f6llig kostenlos, sondern auch ein sicherer Treffpunkt f\u00fcr M\u00e4nner und Frauen. Frauen k\u00f6nnen unerw\u00fcnschte Nachrichten herausfiltern und M\u00e4nner k\u00f6nnen ihre Konten l\u00f6schen, ohne bef\u00fcrchten zu m\u00fcssen, geghostet zu werden.<\/p>\n<h3>OurTime<\/h3>\n<p>Das Internet ist voll von Online-Dating-Sites f\u00fcr Singles, die nach Liebe suchen. Aber OurTime, das neueste Angebot von Match Group, wurde speziell f\u00fcr \u00e4ltere Erwachsene entwickelt.<\/p>\n<p>OurTime wurde Anfang dieses Monats eingef\u00fchrt und bietet eine Reihe von Funktionen, die auf Personen \u00fcber 50 Jahre ausgerichtet sind, darunter Premium-Abonnements, t\u00e4gliche Spiele und ein soziales Netzwerk.<\/p>\n<p>Aber im Gegensatz zu einigen anderen Dating-Apps ben\u00f6tigt OurTime keine Kreditkarte, um auf seine Dienste zuzugreifen. Stattdessen m\u00fcssen Mitglieder monatliche Geb\u00fchren zwischen 29,96 und 39,99 US-Dollar zahlen, je nachdem, wie lange sie die App nutzen m\u00f6chten.<\/p>\n<p>W\u00e4hrend OurTime unter den Millennials noch relativ unbekannt ist, hat es eine bedeutende Anh\u00e4ngerschaft unter den Babyboomern.<\/p>\n<h2>Treffen Sie Ihr Date<\/h2>\n<p>Die Hookup-Kultur rund um Sex ist etwas, mit dem viele Millennials aufgewachsen sind, und es ist im Laufe der Jahre immer beliebter geworden. Anschl\u00fcsse werden heute als normaler Teil des Lebens angesehen, aber was bedeutet das f\u00fcr unsere Gesundheit und unser Wohlbefinden?<\/p>\n<p>Hookups werden oft als harmloser Spa\u00df dargestellt, aber es gibt einige ernsthafte Nachteile von Gelegenheitssex. Von riskanten Situationen bis hin zu potenziell unsicherem Sex, hier ist alles, was Sie \u00fcber die Gefahren von Gelegenheitssex wissen m\u00fcssen.<\/p>\n","protected":false},"excerpt":{"rendered":"<div class=\"mh-excerpt\"><p>Wenn Sie dar\u00fcber nachdenken, eine Dating-App f\u00fcr Sexting-Zwecke herunterzuladen, ist es wichtig, vorher ein paar Dinge zu wissen. Zun\u00e4chst einmal, ja, es gibt definitiv weniger <a class=\"mh-excerpt-more\" href=\"http:\/\/booksbiscuitsandtea.co.uk\/de\/\" title=\"Leitfaden, um Liebe in Ihrer N\u00e4he zu finden\">[&#8230;]<\/a><\/p>\n<\/div>","protected":false},"author":1,"featured_media":73,"parent":0,"menu_order":0,"comment_status":"closed","ping_status":"closed","template":"","meta":[],"yoast_head":"<!-- This site is optimized with the Yoast SEO plugin v17.7.1 - https:\/\/yoast.com\/wordpress\/plugins\/seo\/ -->\n<title>Leitfaden, um Liebe in Ihrer N\u00e4he zu finden - Online Hookup Advice<\/title>\n<meta name=\"robots\" content=\"index, follow, max-snippet:-1, max-image-preview:large, max-video-preview:-1\" \/>\n<link rel=\"canonical\" href=\"http:\/\/booksbiscuitsandtea.co.uk\/de\/\" \/>\n<meta property=\"og:locale\" content=\"de_DE\" \/>\n<meta property=\"og:type\" content=\"article\" \/>\n<meta property=\"og:title\" content=\"Leitfaden, um Liebe in Ihrer N\u00e4he zu finden - Online Hookup Advice\" \/>\n<meta property=\"og:description\" content=\"Wenn Sie dar\u00fcber nachdenken, eine Dating-App f\u00fcr Sexting-Zwecke herunterzuladen, ist es wichtig, vorher ein paar Dinge zu wissen. Zun\u00e4chst einmal, ja, es gibt definitiv weniger [...]\" \/>\n<meta property=\"og:url\" content=\"http:\/\/booksbiscuitsandtea.co.uk\/de\/\" \/>\n<meta property=\"og:site_name\" content=\"Online Hookup Advice\" \/>\n<meta name=\"twitter:card\" content=\"summary_large_image\" \/>\n<meta name=\"twitter:image\" content=\"http:\/\/booksbiscuitsandtea.co.uk\/wp-content\/uploads\/2022\/09\/casual-chat-apps.webp\" \/>\n<meta name=\"twitter:label1\" content=\"Gesch\u00e4tzte Lesezeit\" \/>\n\t<meta name=\"twitter:data1\" content=\"5 Minuten\" \/>\n<script type=\"application\/ld+json\" class=\"yoast-schema-graph\">{\"@context\":\"https:\/\/schema.org\",\"@graph\":[{\"@type\":\"WebSite\",\"@id\":\"https:\/\/booksbiscuitsandtea.co.uk\/#website\",\"url\":\"https:\/\/booksbiscuitsandtea.co.uk\/\",\"name\":\"Online Hookup Advice\",\"description\":\"Meet Your Next Partner\",\"potentialAction\":[{\"@type\":\"SearchAction\",\"target\":{\"@type\":\"EntryPoint\",\"urlTemplate\":\"https:\/\/booksbiscuitsandtea.co.uk\/?s={search_term_string}\"},\"query-input\":\"required name=search_term_string\"}],\"inLanguage\":\"de-DE\"},{\"@type\":\"ImageObject\",\"@id\":\"http:\/\/booksbiscuitsandtea.co.uk\/de\/#primaryimage\",\"inLanguage\":\"de-DE\",\"url\":\"http:\/\/booksbiscuitsandtea.co.uk\/wp-content\/uploads\/2022\/09\/casual-chat-apps.webp\",\"contentUrl\":\"http:\/\/booksbiscuitsandtea.co.uk\/wp-content\/uploads\/2022\/09\/casual-chat-apps.webp\",\"width\":1046,\"height\":750},{\"@type\":\"WebPage\",\"@id\":\"http:\/\/booksbiscuitsandtea.co.uk\/de\/#webpage\",\"url\":\"http:\/\/booksbiscuitsandtea.co.uk\/de\/\",\"name\":\"Leitfaden, um Liebe in Ihrer N\\u00e4he zu finden - Online Hookup Advice\",\"isPartOf\":{\"@id\":\"https:\/\/booksbiscuitsandtea.co.uk\/#website\"},\"primaryImageOfPage\":{\"@id\":\"http:\/\/booksbiscuitsandtea.co.uk\/de\/#primaryimage\"},\"datePublished\":\"2022-09-05T13:32:18+00:00\",\"dateModified\":\"2022-09-05T13:32:18+00:00\",\"breadcrumb\":{\"@id\":\"http:\/\/booksbiscuitsandtea.co.uk\/de\/#breadcrumb\"},\"inLanguage\":\"de-DE\",\"potentialAction\":[{\"@type\":\"ReadAction\",\"target\":[\"http:\/\/booksbiscuitsandtea.co.uk\/de\/\"]}]},{\"@type\":\"BreadcrumbList\",\"@id\":\"http:\/\/booksbiscuitsandtea.co.uk\/de\/#breadcrumb\",\"itemListElement\":[{\"@type\":\"ListItem\",\"position\":1,\"name\":\"Home\",\"item\":\"http:\/\/booksbiscuitsandtea.co.uk\/de\/\"},{\"@type\":\"ListItem\",\"position\":2,\"name\":\"Leitfaden, um Liebe in Ihrer N\\u00e4he zu finden\"}]}]}<\/script>\n<!-- \/ Yoast SEO plugin. -->","yoast_head_json":{"title":"Leitfaden, um Liebe in Ihrer N\u00e4he zu finden - Online Hookup Advice","robots":{"index":"index","follow":"follow","max-snippet":"max-snippet:-1","max-image-preview":"max-image-preview:large","max-video-preview":"max-video-preview:-1"},"canonical":"http:\/\/booksbiscuitsandtea.co.uk\/de\/","og_locale":"de_DE","og_type":"article","og_title":"Leitfaden, um Liebe in Ihrer N\u00e4he zu finden - Online Hookup Advice","og_description":"Wenn Sie dar\u00fcber nachdenken, eine Dating-App f\u00fcr Sexting-Zwecke herunterzuladen, ist es wichtig, vorher ein paar Dinge zu wissen. Zun\u00e4chst einmal, ja, es gibt definitiv weniger [...]","og_url":"http:\/\/booksbiscuitsandtea.co.uk\/de\/","og_site_name":"Online Hookup Advice","twitter_card":"summary_large_image","twitter_image":"http:\/\/booksbiscuitsandtea.co.uk\/wp-content\/uploads\/2022\/09\/casual-chat-apps.webp","twitter_misc":{"Gesch\u00e4tzte Lesezeit":"5 Minuten"},"schema":{"@context":"https:\/\/schema.org","@graph":[{"@type":"WebSite","@id":"https:\/\/booksbiscuitsandtea.co.uk\/#website","url":"https:\/\/booksbiscuitsandtea.co.uk\/","name":"Online Hookup Advice","description":"Meet Your Next Partner","potentialAction":[{"@type":"SearchAction","target":{"@type":"EntryPoint","urlTemplate":"https:\/\/booksbiscuitsandtea.co.uk\/?s={search_term_string}"},"query-input":"required name=search_term_string"}],"inLanguage":"de-DE"},{"@type":"ImageObject","@id":"http:\/\/booksbiscuitsandtea.co.uk\/de\/#primaryimage","inLanguage":"de-DE","url":"http:\/\/booksbiscuitsandtea.co.uk\/wp-content\/uploads\/2022\/09\/casual-chat-apps.webp","contentUrl":"http:\/\/booksbiscuitsandtea.co.uk\/wp-content\/uploads\/2022\/09\/casual-chat-apps.webp","width":1046,"height":750},{"@type":"WebPage","@id":"http:\/\/booksbiscuitsandtea.co.uk\/de\/#webpage","url":"http:\/\/booksbiscuitsandtea.co.uk\/de\/","name":"Leitfaden, um Liebe in Ihrer N\u00e4he zu finden - Online Hookup Advice","isPartOf":{"@id":"https:\/\/booksbiscuitsandtea.co.uk\/#website"},"primaryImageOfPage":{"@id":"http:\/\/booksbiscuitsandtea.co.uk\/de\/#primaryimage"},"datePublished":"2022-09-05T13:32:18+00:00","dateModified":"2022-09-05T13:32:18+00:00","breadcrumb":{"@id":"http:\/\/booksbiscuitsandtea.co.uk\/de\/#breadcrumb"},"inLanguage":"de-DE","potentialAction":[{"@type":"ReadAction","target":["http:\/\/booksbiscuitsandtea.co.uk\/de\/"]}]},{"@type":"BreadcrumbList","@id":"http:\/\/booksbiscuitsandtea.co.uk\/de\/#breadcrumb","itemListElement":[{"@type":"ListItem","position":1,"name":"Home","item":"http:\/\/booksbiscuitsandtea.co.uk\/de\/"},{"@type":"ListItem","position":2,"name":"Leitfaden, um Liebe in Ihrer N\u00e4he zu finden"}]}]}},"_links":{"self":[{"href":"http:\/\/booksbiscuitsandtea.co.uk\/de\/wp-json\/wp\/v2\/pages\/157"}],"collection":[{"href":"http:\/\/booksbiscuitsandtea.co.uk\/de\/wp-json\/wp\/v2\/pages"}],"about":[{"href":"http:\/\/booksbiscuitsandtea.co.uk\/de\/wp-json\/wp\/v2\/types\/page"}],"author":[{"embeddable":true,"href":"http:\/\/booksbiscuitsandtea.co.uk\/de\/wp-json\/wp\/v2\/users\/1"}],"replies":[{"embeddable":true,"href":"http:\/\/booksbiscuitsandtea.co.uk\/de\/wp-json\/wp\/v2\/comments?post=157"}],"version-history":[{"count":0,"href":"http:\/\/booksbiscuitsandtea.co.uk\/de\/wp-json\/wp\/v2\/pages\/157\/revisions"}],"wp:featuredmedia":[{"embeddable":true,"href":"http:\/\/booksbiscuitsandtea.co.uk\/de\/wp-json\/wp\/v2\/media\/73"}],"wp:attachment":[{"href":"http:\/\/booksbiscuitsandtea.co.uk\/de\/wp-json\/wp\/v2\/media?parent=157"}],"curies":[{"name":"wp","href":"https:\/\/api.w.org\/{rel}","templated":true}]}}