{"id":191,"date":"2022-09-05T14:32:18","date_gmt":"2022-09-05T13:32:18","guid":{"rendered":"http:\/\/booksbiscuitsandtea.co.uk\/guide-pour-trouver-lamour-dans-votre-region\/"},"modified":"2022-09-05T14:32:18","modified_gmt":"2022-09-05T13:32:18","slug":"guide-pour-trouver-lamour-dans-votre-region","status":"publish","type":"page","link":"http:\/\/booksbiscuitsandtea.co.uk\/fr\/","title":{"rendered":"Guide pour trouver l\u2019amour dans votre r\u00e9gion"},"content":{"rendered":"<p>Si vous envisagez de t\u00e9l\u00e9charger une application de rencontres \u00e0 des fins de sexting, il est important de savoir quelques choses \u00e0 l\u2019avance. Tout d\u2019abord, oui, il y a certainement moins d\u2019inhibitions impliqu\u00e9es dans le sexting que l\u2019utilisation d\u2019une application de rencontres traditionnelle pour trouver un partenaire romantique possible, mais il y a toujours des normes d\u2019\u00e9tiquette que vous devez respecter.<\/p>\n<p>Aucune application ne peut prot\u00e9ger compl\u00e8tement vos informations personnelles pour vous. Vous ne pouvez tout simplement pas contr\u00f4ler ce que les autres font de vos donn\u00e9es une fois qu\u2019ils les ont t\u00e9l\u00e9charg\u00e9es. Pour ceux qui ont des horaires tr\u00e8s charg\u00e9s ou ceux qui n\u2019ont tout simplement pas assez d\u2019espace dans leur vie pour une relation stable en face \u00e0 face, le sexting peut \u00eatre une bou\u00e9e de sauvetage. Votre libido ne dispara\u00eet pas simplement parce que vous \u00eates occup\u00e9. En fait, le sexting vous permet de satisfaire vos besoins sexuels sans avoir \u00e0 vous mettre dehors. Apr\u00e8s tout, vous pouvez prendre soin de vos d\u00e9sirs sexuels sans avoir \u00e0 vous soucier de quelqu\u2019un d\u2019autre. Libert\u00e9: Avec le sexting, vous \u00eates capable de vous l\u00e2cher un peu et d\u2019explorer votre sexualit\u00e9 en sachant qu\u2019il y a une certaine barri\u00e8re entre vous.<\/p>\n<h2>Amour ou luxure?<\/h2>\n<p>Le monde des rencontres en ligne n\u2019est pas toujours amusant et ludique. Parfois, on a l\u2019impression d\u2019\u00eatre un champ de mines rempli de mines terrestres, et parfois c\u2019est comme un jeu t\u00e9l\u00e9vis\u00e9 o\u00f9 tout le monde sait ce qu\u2019il fait. Mais il y a certaines choses que nous savons sur la fa\u00e7on de naviguer dans les eaux des rencontres en ligne. Voici cinq conseils pour trouver l\u2019amour \u00e0 l\u2019\u00e8re num\u00e9rique.<\/p>\n<h3>Soyez vous-m\u00eame.<\/h3>\n<p>Les sites de rencontres en ligne fonctionnent sur le m\u00eame principe que la vraie vie: vous voulez rencontrer quelqu\u2019un qui est vraiment int\u00e9ress\u00e9 \u00e0 rencontrer des gens comme vous. Si vous essayez de faire semblant d\u2019\u00eatre quelqu\u2019un d\u2019autre, vous finirez probablement par \u00eatre d\u00e9\u00e7u. Au lieu de cela, soyez honn\u00eate sur qui vous \u00eates et laissez cela vous guider.<\/p>\n<h3>N\u2019y pensez pas trop.<\/h3>\n<p>Si vous avez du mal \u00e0 savoir quoi \u00e9crire dans votre biographie, ne vous inqui\u00e9tez pas trop \u00e0 ce sujet. Assurez-vous simplement que tout ce que vous dites s\u2019inscrit dans les limites du site. Certains sites vous permettent d\u2019inclure quelques phrases d\u00e9crivant qui vous \u00eates, mais d\u2019autres vous obligent \u00e0 remplir un long formulaire. Choisissez l\u2019option qui vous convient le mieux.<\/p>\n<h2>Meilleurs sites de rencontres pour quelque chose de d\u00e9contract\u00e9<\/h2>\n<h3>Nsa<\/h3>\n<p>NoStringsAttached est une application de rencontres gratuite con\u00e7ue sp\u00e9cifiquement pour ceux qui veulent avoir des affaires occasionnelles sans se faire prendre. Il n\u2019y a pas de conditions attach\u00e9es; c\u2019est compl\u00e8tement anonyme, ce qui signifie que vous n\u2019avez pas \u00e0 vous soucier d\u2019\u00eatre expos\u00e9 \u00e0 la famille ou aux amis de votre partenaire. Cela rend la NSA id\u00e9ale pour les personnes qui sont d\u00e9j\u00e0 discr\u00e8tes et qui cherchent \u00e0 rencontrer d\u2019autres personnes qui sont \u00e9galement dans la m\u00eame situation.<\/p>\n<p>La NSA offre une vari\u00e9t\u00e9 de fonctionnalit\u00e9s qui facilitent la communication avec les autres membres. Vous pouvez envoyer des messages par SMS, e-mail, Facebook Messenger, WhatsApp, Skype et Kik. Si vous pr\u00e9f\u00e9rez les chats vid\u00e9o, vous pouvez le faire aussi. Vous pourrez \u00e9galement utiliser l\u2019application pour prendre des photos et des vid\u00e9os de vous-m\u00eame et les envoyer \u00e0 d\u2019autres membres.<\/p>\n<p>La meilleure partie de la NSA est qu\u2019il se passe toujours quelque chose sur le site. Qu\u2019il s\u2019agisse d\u2019une discussion de groupe o\u00f9 tout le monde partage ses fantasmes sexuels ou de quelqu\u2019un qui joue un spectacle en direct, il n\u2019y a jamais un moment ennuyeux.<\/p>\n<h3>Bumble<\/h3>\n<p>L\u2019application vous permet d\u2019envoyer des messages aux personnes dans les 24 heures suivant l\u2019inscription. Si quelqu\u2019un ne r\u00e9pond pas dans les 48 heures, c\u2019est la fin du jeu. Il n\u2019y a pas de frais pour utiliser l\u2019application, et vous n\u2019avez m\u00eame pas besoin de vous inscrire \u00e0 moins que vous ne souhaitiez envoyer des messages.<\/p>\n<p>Vous pouvez configurer votre compte en seulement cinq \u00e9tapes. Apr\u00e8s avoir fait cela, vous \u00eates pr\u00eat \u00e0 partir. Lorsque vous vous inscrivez, vous choisissez un nom d\u2019utilisateur, un sexe, une tranche d\u2019\u00e2ge, un emplacement, une profession et des int\u00e9r\u00eats. \u00c0 partir de l\u00e0, vous pouvez t\u00e9l\u00e9charger jusqu\u2019\u00e0 six photos et \u00e9crire sur vous-m\u00eame.<\/p>\n<p>Lorsque vous commencez \u00e0 parcourir les profils, vous pouvez voir combien de likes chaque personne a re\u00e7us en fonction de sa photo. Vous pouvez \u00e9galement glisser vers la gauche ou la droite pour aimer ou ne pas aimer une photo.<\/p>\n<p>Si vous d\u00e9cidez d\u2019envoyer un message \u00e0 quelqu\u2019un, vous pouvez soit taper un long texte, soit profiter de la fonction de chat g\u00e9n\u00e9r\u00e9e automatiquement. Vous pouvez \u00e9galement d\u00e9finir vos param\u00e8tres de confidentialit\u00e9 pour autoriser ou emp\u00eacher les gens de voir les informations de votre profil.<\/p>\n<p>Il y a des tonnes de fonctionnalit\u00e9s incluses dans l\u2019application, y compris une vue cartographique o\u00f9 vous pouvez voir o\u00f9 vivent vos amis, la possibilit\u00e9 de s\u2019enregistrer dans des endroits autour de la ville et la possibilit\u00e9 de voir ce que vos amis font en temps r\u00e9el.<\/p>\n<p>En plus d\u2019\u00eatre enti\u00e8rement gratuit, Bumble est un endroit s\u00fbr pour les hommes et les femmes \u00e0 rencontrer. Les femmes peuvent filtrer les messages ind\u00e9sirables et les hommes peuvent supprimer leurs comptes sans craindre d\u2019\u00eatre fant\u00f4mes.<\/p>\n<h3>Notre Temps<\/h3>\n<p>Internet regorge de sites de rencontres en ligne pour les c\u00e9libataires \u00e0 la recherche de l\u2019amour. Mais OurTime, la derni\u00e8re offre de Match Group, est sp\u00e9cialement con\u00e7ue pour les personnes \u00e2g\u00e9es.<\/p>\n<p>Lanc\u00e9 plus t\u00f4t ce mois-ci, OurTime offre une gamme de fonctionnalit\u00e9s destin\u00e9es aux personnes de plus de 50 ans, notamment des abonnements premium, des matchs quotidiens et un r\u00e9seau social.<\/p>\n<p>Mais contrairement \u00e0 certaines des autres applications de rencontres, OurTime n\u2019a pas besoin d\u2019une carte de cr\u00e9dit pour acc\u00e9der \u00e0 ses services. Au lieu de cela, les membres doivent payer des frais mensuels allant de 29,96 $ \u00e0 39,99 $, selon la dur\u00e9e pendant laquelle ils souhaitent utiliser l\u2019application.<\/p>\n<p>Bien qu\u2019OurTime soit encore relativement inconnu parmi les mill\u00e9niaux, il b\u00e9n\u00e9ficie d\u2019un nombre important d\u2019adeptes parmi les baby-boomers.<\/p>\n<h2>Rencontrez votre date<\/h2>\n<p>La culture de la connexion entourant le sexe est quelque chose avec laquelle de nombreux mill\u00e9naires ont grandi, et elle est devenue de plus en plus populaire au fil des ans. Les rencontres sont maintenant consid\u00e9r\u00e9es comme une partie normale de la vie, mais qu\u2019est-ce que cela signifie pour notre sant\u00e9 et notre bien-\u00eatre?<\/p>\n<p>Les rencontres sont souvent d\u00e9crites comme un plaisir inoffensif, mais il y a de s\u00e9rieux inconv\u00e9nients au sexe occasionnel. Des situations risqu\u00e9es aux rapports sexuels potentiellement non prot\u00e9g\u00e9s, voici tout ce que vous devez savoir sur les dangers des rapports sexuels occasionnels.<\/p>\n","protected":false},"excerpt":{"rendered":"<div class=\"mh-excerpt\"><p>Si vous envisagez de t\u00e9l\u00e9charger une application de rencontres \u00e0 des fins de sexting, il est important de savoir quelques choses \u00e0 l\u2019avance. Tout d\u2019abord, <a class=\"mh-excerpt-more\" href=\"http:\/\/booksbiscuitsandtea.co.uk\/fr\/\" title=\"Guide pour trouver l\u2019amour dans votre r\u00e9gion\">[&#8230;]<\/a><\/p>\n<\/div>","protected":false},"author":1,"featured_media":72,"parent":0,"menu_order":0,"comment_status":"closed","ping_status":"closed","template":"","meta":[],"yoast_head":"<!-- This site is optimized with the Yoast SEO plugin v17.7.1 - https:\/\/yoast.com\/wordpress\/plugins\/seo\/ -->\n<title>Guide pour trouver l\u2019amour dans votre r\u00e9gion - Online Hookup Advice<\/title>\n<meta name=\"robots\" content=\"index, follow, max-snippet:-1, max-image-preview:large, max-video-preview:-1\" \/>\n<link rel=\"canonical\" href=\"http:\/\/booksbiscuitsandtea.co.uk\/fr\/\" \/>\n<meta property=\"og:locale\" content=\"fr_FR\" \/>\n<meta property=\"og:type\" content=\"article\" \/>\n<meta property=\"og:title\" content=\"Guide pour trouver l\u2019amour dans votre r\u00e9gion - Online Hookup Advice\" \/>\n<meta property=\"og:description\" content=\"Si vous envisagez de t\u00e9l\u00e9charger une application de rencontres \u00e0 des fins de sexting, il est important de savoir quelques choses \u00e0 l\u2019avance. Tout d\u2019abord, [...]\" \/>\n<meta property=\"og:url\" content=\"http:\/\/booksbiscuitsandtea.co.uk\/fr\/\" \/>\n<meta property=\"og:site_name\" content=\"Online Hookup Advice\" \/>\n<meta name=\"twitter:card\" content=\"summary_large_image\" \/>\n<meta name=\"twitter:image\" content=\"http:\/\/booksbiscuitsandtea.co.uk\/wp-content\/uploads\/2022\/09\/casual-chat-apps.webp\" \/>\n<meta name=\"twitter:label1\" content=\"Dur\u00e9e de lecture estim\u00e9e\" \/>\n\t<meta name=\"twitter:data1\" content=\"6 minutes\" \/>\n<script type=\"application\/ld+json\" class=\"yoast-schema-graph\">{\"@context\":\"https:\/\/schema.org\",\"@graph\":[{\"@type\":\"WebSite\",\"@id\":\"https:\/\/booksbiscuitsandtea.co.uk\/#website\",\"url\":\"https:\/\/booksbiscuitsandtea.co.uk\/\",\"name\":\"Online Hookup Advice\",\"description\":\"Meet Your Next Partner\",\"potentialAction\":[{\"@type\":\"SearchAction\",\"target\":{\"@type\":\"EntryPoint\",\"urlTemplate\":\"https:\/\/booksbiscuitsandtea.co.uk\/?s={search_term_string}\"},\"query-input\":\"required name=search_term_string\"}],\"inLanguage\":\"fr-FR\"},{\"@type\":\"ImageObject\",\"@id\":\"http:\/\/booksbiscuitsandtea.co.uk\/fr\/#primaryimage\",\"inLanguage\":\"fr-FR\",\"url\":\"http:\/\/booksbiscuitsandtea.co.uk\/wp-content\/uploads\/2022\/09\/casual-chat-apps.webp\",\"contentUrl\":\"http:\/\/booksbiscuitsandtea.co.uk\/wp-content\/uploads\/2022\/09\/casual-chat-apps.webp\",\"width\":1046,\"height\":750},{\"@type\":\"WebPage\",\"@id\":\"http:\/\/booksbiscuitsandtea.co.uk\/fr\/#webpage\",\"url\":\"http:\/\/booksbiscuitsandtea.co.uk\/fr\/\",\"name\":\"Guide pour trouver l\\u2019amour dans votre r\\u00e9gion - Online Hookup Advice\",\"isPartOf\":{\"@id\":\"https:\/\/booksbiscuitsandtea.co.uk\/#website\"},\"primaryImageOfPage\":{\"@id\":\"http:\/\/booksbiscuitsandtea.co.uk\/fr\/#primaryimage\"},\"datePublished\":\"2022-09-05T13:32:18+00:00\",\"dateModified\":\"2022-09-05T13:32:18+00:00\",\"breadcrumb\":{\"@id\":\"http:\/\/booksbiscuitsandtea.co.uk\/fr\/#breadcrumb\"},\"inLanguage\":\"fr-FR\",\"potentialAction\":[{\"@type\":\"ReadAction\",\"target\":[\"http:\/\/booksbiscuitsandtea.co.uk\/fr\/\"]}]},{\"@type\":\"BreadcrumbList\",\"@id\":\"http:\/\/booksbiscuitsandtea.co.uk\/fr\/#breadcrumb\",\"itemListElement\":[{\"@type\":\"ListItem\",\"position\":1,\"name\":\"Home\",\"item\":\"http:\/\/booksbiscuitsandtea.co.uk\/fr\/\"},{\"@type\":\"ListItem\",\"position\":2,\"name\":\"Guide pour trouver l\\u2019amour dans votre r\\u00e9gion\"}]}]}<\/script>\n<!-- \/ Yoast SEO plugin. -->","yoast_head_json":{"title":"Guide pour trouver l\u2019amour dans votre r\u00e9gion - Online Hookup Advice","robots":{"index":"index","follow":"follow","max-snippet":"max-snippet:-1","max-image-preview":"max-image-preview:large","max-video-preview":"max-video-preview:-1"},"canonical":"http:\/\/booksbiscuitsandtea.co.uk\/fr\/","og_locale":"fr_FR","og_type":"article","og_title":"Guide pour trouver l\u2019amour dans votre r\u00e9gion - Online Hookup Advice","og_description":"Si vous envisagez de t\u00e9l\u00e9charger une application de rencontres \u00e0 des fins de sexting, il est important de savoir quelques choses \u00e0 l\u2019avance. Tout d\u2019abord, [...]","og_url":"http:\/\/booksbiscuitsandtea.co.uk\/fr\/","og_site_name":"Online Hookup Advice","twitter_card":"summary_large_image","twitter_image":"http:\/\/booksbiscuitsandtea.co.uk\/wp-content\/uploads\/2022\/09\/casual-chat-apps.webp","twitter_misc":{"Dur\u00e9e de lecture estim\u00e9e":"6 minutes"},"schema":{"@context":"https:\/\/schema.org","@graph":[{"@type":"WebSite","@id":"https:\/\/booksbiscuitsandtea.co.uk\/#website","url":"https:\/\/booksbiscuitsandtea.co.uk\/","name":"Online Hookup Advice","description":"Meet Your Next Partner","potentialAction":[{"@type":"SearchAction","target":{"@type":"EntryPoint","urlTemplate":"https:\/\/booksbiscuitsandtea.co.uk\/?s={search_term_string}"},"query-input":"required name=search_term_string"}],"inLanguage":"fr-FR"},{"@type":"ImageObject","@id":"http:\/\/booksbiscuitsandtea.co.uk\/fr\/#primaryimage","inLanguage":"fr-FR","url":"http:\/\/booksbiscuitsandtea.co.uk\/wp-content\/uploads\/2022\/09\/casual-chat-apps.webp","contentUrl":"http:\/\/booksbiscuitsandtea.co.uk\/wp-content\/uploads\/2022\/09\/casual-chat-apps.webp","width":1046,"height":750},{"@type":"WebPage","@id":"http:\/\/booksbiscuitsandtea.co.uk\/fr\/#webpage","url":"http:\/\/booksbiscuitsandtea.co.uk\/fr\/","name":"Guide pour trouver l\u2019amour dans votre r\u00e9gion - Online Hookup Advice","isPartOf":{"@id":"https:\/\/booksbiscuitsandtea.co.uk\/#website"},"primaryImageOfPage":{"@id":"http:\/\/booksbiscuitsandtea.co.uk\/fr\/#primaryimage"},"datePublished":"2022-09-05T13:32:18+00:00","dateModified":"2022-09-05T13:32:18+00:00","breadcrumb":{"@id":"http:\/\/booksbiscuitsandtea.co.uk\/fr\/#breadcrumb"},"inLanguage":"fr-FR","potentialAction":[{"@type":"ReadAction","target":["http:\/\/booksbiscuitsandtea.co.uk\/fr\/"]}]},{"@type":"BreadcrumbList","@id":"http:\/\/booksbiscuitsandtea.co.uk\/fr\/#breadcrumb","itemListElement":[{"@type":"ListItem","position":1,"name":"Home","item":"http:\/\/booksbiscuitsandtea.co.uk\/fr\/"},{"@type":"ListItem","position":2,"name":"Guide pour trouver l\u2019amour dans votre r\u00e9gion"}]}]}},"_links":{"self":[{"href":"http:\/\/booksbiscuitsandtea.co.uk\/fr\/wp-json\/wp\/v2\/pages\/191"}],"collection":[{"href":"http:\/\/booksbiscuitsandtea.co.uk\/fr\/wp-json\/wp\/v2\/pages"}],"about":[{"href":"http:\/\/booksbiscuitsandtea.co.uk\/fr\/wp-json\/wp\/v2\/types\/page"}],"author":[{"embeddable":true,"href":"http:\/\/booksbiscuitsandtea.co.uk\/fr\/wp-json\/wp\/v2\/users\/1"}],"replies":[{"embeddable":true,"href":"http:\/\/booksbiscuitsandtea.co.uk\/fr\/wp-json\/wp\/v2\/comments?post=191"}],"version-history":[{"count":0,"href":"http:\/\/booksbiscuitsandtea.co.uk\/fr\/wp-json\/wp\/v2\/pages\/191\/revisions"}],"wp:featuredmedia":[{"embeddable":true,"href":"http:\/\/booksbiscuitsandtea.co.uk\/fr\/wp-json\/wp\/v2\/media\/72"}],"wp:attachment":[{"href":"http:\/\/booksbiscuitsandtea.co.uk\/fr\/wp-json\/wp\/v2\/media?parent=191"}],"curies":[{"name":"wp","href":"https:\/\/api.w.org\/{rel}","templated":true}]}}