{"id":170,"date":"2022-09-05T14:32:18","date_gmt":"2022-09-05T13:32:18","guid":{"rendered":"http:\/\/booksbiscuitsandtea.co.uk\/guida-per-trovare-lamore-nella-tua-zona\/"},"modified":"2022-09-05T14:32:18","modified_gmt":"2022-09-05T13:32:18","slug":"guida-per-trovare-lamore-nella-tua-zona","status":"publish","type":"page","link":"http:\/\/booksbiscuitsandtea.co.uk\/it\/","title":{"rendered":"Guida per trovare l&#8217;amore nella tua zona"},"content":{"rendered":"<p>Se stai pensando di scaricare un&#8217;app di appuntamenti per scopi di sexting, \u00e8 importante sapere alcune cose in anticipo. Prima di tutto, s\u00ec, ci sono sicuramente meno inibizioni coinvolte nel sexting rispetto all&#8217;utilizzo di un&#8217;app di appuntamenti tradizionale per trovare un possibile partner romantico, ma ci sono ancora standard di etichetta a cui devi aderire.<\/p>\n<p>Nessuna app pu\u00f2 proteggere completamente le tue informazioni personali per te. Semplicemente non puoi controllare ci\u00f2 che gli altri fanno con i tuoi dati una volta scaricati. Per coloro che hanno orari super impegnativi o coloro che semplicemente non hanno abbastanza spazio nella loro vita per una relazione costante in faccia, il sexting pu\u00f2 essere un vero toccasana. Il tuo desiderio sessuale non scompare solo perch\u00e9 sei occupato. In effetti, il sexting ti consente di soddisfare i tuoi bisogni sessuali senza doverti mettere fuori. Dopotutto, puoi prenderti cura dei tuoi desideri sessuali senza doverti preoccupare di nessun altro. Libert\u00e0: con il sexting, sei in grado di scatenarti un po &#8216;ed esplorare la tua sessualit\u00e0 sapendo che c&#8217;\u00e8 una certa barriera tra di te.<\/p>\n<h2>Amore o lussuria?<\/h2>\n<p>Il mondo degli appuntamenti online non \u00e8 sempre divertente e giocoso. A volte sembra un campo minato pieno di mine, e a volte sembra un game show in cui tutti sanno cosa stanno facendo. Ma ci sono alcune cose che sappiamo su come navigare nelle acque degli appuntamenti online. Ecco cinque consigli per trovare l&#8217;amore nell&#8217;era digitale.<\/p>\n<h3>Sii te stesso.<\/h3>\n<p>I siti di incontri online funzionano secondo lo stesso principio della vita reale: vuoi incontrare qualcuno che sia sinceramente interessato a incontrare persone come te. Se provi a fingere di essere qualcun altro, probabilmente finirai per essere deluso. Invece, sii onesto su chi sei e lascia che ti guidi.<\/p>\n<h3>Non pensarci troppo.<\/h3>\n<p>Se hai difficolt\u00e0 a capire cosa scrivere nella tua biografia, non preoccuparti troppo. Assicurati solo che qualsiasi cosa tu dica rientri nei confini del sito. Alcuni siti ti consentono di includere alcune frasi che descrivono chi sei, ma altri richiedono di compilare un lungo modulo. Scegli l&#8217;opzione che funziona meglio per te.<\/p>\n<h2>I migliori siti di incontri per qualcosa di casual<\/h2>\n<h3>Nsa<\/h3>\n<p>NoStringsAttached \u00e8 un&#8217;app di appuntamenti gratuita progettata specificamente per coloro che vogliono avere affari casuali senza essere scoperti. Non ci sono vincoli; \u00e8 completamente anonimo, il che significa che non devi preoccuparti di essere esposto alla famiglia o agli amici del tuo partner. Questo rende nsa ideale per le persone che sono gi\u00e0 discrete e cercano di incontrare altri che si trovano nella stessa situazione.<\/p>\n<p>NSA offre una variet\u00e0 di funzionalit\u00e0 che semplificano la comunicazione con altri membri. Puoi inviare messaggi via SMS, e-mail, Facebook Messenger, WhatsApp, Skype e Kik. Se preferisci le chat video, puoi farlo anche tu. Sarai anche in grado di utilizzare l&#8217;app per scattare foto e video di te stesso e inviarli ad altri membri.<\/p>\n<p>La parte migliore della NSA \u00e8 che c&#8217;\u00e8 sempre qualcosa che accade sul sito. Che si tratti di una chat di gruppo in cui tutti condividono le loro fantasie sessuali o di qualcuno che esegue uno spettacolo dal vivo, non c&#8217;\u00e8 mai un momento di noia.<\/p>\n<h3>Bumble<\/h3>\n<p>L&#8217;app ti consente di inviare messaggi alle persone entro 24 ore dalla registrazione. Se qualcuno non risponde entro 48 ore, \u00e8 game over. Non ci sono costi per utilizzare l&#8217;app e non \u00e8 nemmeno necessario registrarsi a meno che non si desideri inviare messaggi.<\/p>\n<p>Puoi configurare il tuo account in soli cinque passaggi. Dopo averlo fatto, sei pronto per partire. Quando ti iscrivi, scegli un nome utente, sesso, fascia d&#8217;et\u00e0, posizione, occupazione e interessi. Da l\u00ec, puoi caricare fino a sei immagini e scrivere di te stesso.<\/p>\n<p>Quando inizi a sfogliare i profili, puoi vedere quanti Mi piace ha ricevuto ogni persona in base alla sua immagine. Puoi anche scorrere verso sinistra o destra per mettere &#8220;Mi piace&#8221; o non apprezzare una foto.<\/p>\n<p>Se decidi di inviare un messaggio a qualcuno, puoi digitare un testo lungo o sfruttare la funzione di chat generata automaticamente. Puoi anche impostare le impostazioni sulla privacy per consentire o impedire alle persone di visualizzare le informazioni del tuo profilo.<\/p>\n<p>Ci sono tonnellate di funzionalit\u00e0 incluse nell&#8217;app, tra cui una vista mappa in cui puoi vedere dove vivono i tuoi amici, la possibilit\u00e0 di effettuare il check-in in luoghi in citt\u00e0 e l&#8217;opzione per vedere cosa stanno facendo i tuoi amici in tempo reale.<\/p>\n<p>Oltre ad essere completamente gratuito, Bumble \u00e8 un luogo sicuro per uomini e donne per incontrarsi. Le donne possono filtrare i messaggi indesiderati e i ragazzi possono eliminare i loro account senza paura di diventare fantasmi.<\/p>\n<h3>Il nostro Tempo<\/h3>\n<p>Internet \u00e8 pieno di siti di incontri online per single in cerca di amore. Ma OurTime, l&#8217;ultima offerta di Match Group, \u00e8 specificamente progettata per gli anziani.<\/p>\n<p>Lanciato all&#8217;inizio di questo mese, OurTime offre una gamma di funzionalit\u00e0 rivolte a chi ha pi\u00f9 di 50 anni, tra cui abbonamenti premium, partite giornaliere e un social network.<\/p>\n<p>Ma a differenza di alcune delle altre app di appuntamenti l\u00e0 fuori, OurTime non richiede una carta di credito per accedere ai suoi servizi. Invece, i membri devono pagare tariffe mensili che vanno da $ 29,96 a $ 39,99, a seconda di quanto tempo vogliono utilizzare l&#8217;app.<\/p>\n<p>Mentre OurTime \u00e8 ancora relativamente sconosciuto tra i millennial, vanta un seguito significativo tra i baby boomer.<\/p>\n<h2>Incontra la tua data<\/h2>\n<p>La cultura del collegamento che circonda il sesso \u00e8 qualcosa con cui molti millennial sono cresciuti ed \u00e8 diventata sempre pi\u00f9 popolare nel corso degli anni. I collegamenti sono ora visti come una parte normale della vita, ma cosa significa questo per la nostra salute e il nostro benessere?<\/p>\n<p>I collegamenti sono spesso ritratti come divertimento innocuo, ma ci sono alcuni seri aspetti negativi del sesso occasionale. Dalle situazioni rischiose al sesso potenzialmente pericoloso, ecco tutto ci\u00f2 che devi sapere sui pericoli del sesso occasionale.<\/p>\n","protected":false},"excerpt":{"rendered":"<div class=\"mh-excerpt\"><p>Se stai pensando di scaricare un&#8217;app di appuntamenti per scopi di sexting, \u00e8 importante sapere alcune cose in anticipo. Prima di tutto, s\u00ec, ci sono <a class=\"mh-excerpt-more\" href=\"http:\/\/booksbiscuitsandtea.co.uk\/it\/\" title=\"Guida per trovare l&#8217;amore nella tua zona\">[&#8230;]<\/a><\/p>\n<\/div>","protected":false},"author":1,"featured_media":74,"parent":0,"menu_order":0,"comment_status":"closed","ping_status":"closed","template":"","meta":[],"yoast_head":"<!-- This site is optimized with the Yoast SEO plugin v17.7.1 - https:\/\/yoast.com\/wordpress\/plugins\/seo\/ -->\n<title>Guida per trovare l&#039;amore nella tua zona - Online Hookup Advice<\/title>\n<meta name=\"robots\" content=\"index, follow, max-snippet:-1, max-image-preview:large, max-video-preview:-1\" \/>\n<link rel=\"canonical\" href=\"http:\/\/booksbiscuitsandtea.co.uk\/it\/\" \/>\n<meta property=\"og:locale\" content=\"it_IT\" \/>\n<meta property=\"og:type\" content=\"article\" \/>\n<meta property=\"og:title\" content=\"Guida per trovare l&#039;amore nella tua zona - Online Hookup Advice\" \/>\n<meta property=\"og:description\" content=\"Se stai pensando di scaricare un&#8217;app di appuntamenti per scopi di sexting, \u00e8 importante sapere alcune cose in anticipo. Prima di tutto, s\u00ec, ci sono [...]\" \/>\n<meta property=\"og:url\" content=\"http:\/\/booksbiscuitsandtea.co.uk\/it\/\" \/>\n<meta property=\"og:site_name\" content=\"Online Hookup Advice\" \/>\n<meta name=\"twitter:card\" content=\"summary_large_image\" \/>\n<meta name=\"twitter:image\" content=\"http:\/\/booksbiscuitsandtea.co.uk\/wp-content\/uploads\/2022\/09\/casual-chat-apps.webp\" \/>\n<meta name=\"twitter:label1\" content=\"Tempo di lettura stimato\" \/>\n\t<meta name=\"twitter:data1\" content=\"5 minuti\" \/>\n<script type=\"application\/ld+json\" class=\"yoast-schema-graph\">{\"@context\":\"https:\/\/schema.org\",\"@graph\":[{\"@type\":\"WebSite\",\"@id\":\"https:\/\/booksbiscuitsandtea.co.uk\/#website\",\"url\":\"https:\/\/booksbiscuitsandtea.co.uk\/\",\"name\":\"Online Hookup Advice\",\"description\":\"Meet Your Next Partner\",\"potentialAction\":[{\"@type\":\"SearchAction\",\"target\":{\"@type\":\"EntryPoint\",\"urlTemplate\":\"https:\/\/booksbiscuitsandtea.co.uk\/?s={search_term_string}\"},\"query-input\":\"required name=search_term_string\"}],\"inLanguage\":\"it-IT\"},{\"@type\":\"ImageObject\",\"@id\":\"http:\/\/booksbiscuitsandtea.co.uk\/it\/#primaryimage\",\"inLanguage\":\"it-IT\",\"url\":\"http:\/\/booksbiscuitsandtea.co.uk\/wp-content\/uploads\/2022\/09\/casual-chat-apps.webp\",\"contentUrl\":\"http:\/\/booksbiscuitsandtea.co.uk\/wp-content\/uploads\/2022\/09\/casual-chat-apps.webp\",\"width\":1046,\"height\":750},{\"@type\":\"WebPage\",\"@id\":\"http:\/\/booksbiscuitsandtea.co.uk\/it\/#webpage\",\"url\":\"http:\/\/booksbiscuitsandtea.co.uk\/it\/\",\"name\":\"Guida per trovare l'amore nella tua zona - Online Hookup Advice\",\"isPartOf\":{\"@id\":\"https:\/\/booksbiscuitsandtea.co.uk\/#website\"},\"primaryImageOfPage\":{\"@id\":\"http:\/\/booksbiscuitsandtea.co.uk\/it\/#primaryimage\"},\"datePublished\":\"2022-09-05T13:32:18+00:00\",\"dateModified\":\"2022-09-05T13:32:18+00:00\",\"breadcrumb\":{\"@id\":\"http:\/\/booksbiscuitsandtea.co.uk\/it\/#breadcrumb\"},\"inLanguage\":\"it-IT\",\"potentialAction\":[{\"@type\":\"ReadAction\",\"target\":[\"http:\/\/booksbiscuitsandtea.co.uk\/it\/\"]}]},{\"@type\":\"BreadcrumbList\",\"@id\":\"http:\/\/booksbiscuitsandtea.co.uk\/it\/#breadcrumb\",\"itemListElement\":[{\"@type\":\"ListItem\",\"position\":1,\"name\":\"Home\",\"item\":\"http:\/\/booksbiscuitsandtea.co.uk\/it\/\"},{\"@type\":\"ListItem\",\"position\":2,\"name\":\"Guida per trovare l&#8217;amore nella tua zona\"}]}]}<\/script>\n<!-- \/ Yoast SEO plugin. -->","yoast_head_json":{"title":"Guida per trovare l'amore nella tua zona - Online Hookup Advice","robots":{"index":"index","follow":"follow","max-snippet":"max-snippet:-1","max-image-preview":"max-image-preview:large","max-video-preview":"max-video-preview:-1"},"canonical":"http:\/\/booksbiscuitsandtea.co.uk\/it\/","og_locale":"it_IT","og_type":"article","og_title":"Guida per trovare l'amore nella tua zona - Online Hookup Advice","og_description":"Se stai pensando di scaricare un&#8217;app di appuntamenti per scopi di sexting, \u00e8 importante sapere alcune cose in anticipo. Prima di tutto, s\u00ec, ci sono [...]","og_url":"http:\/\/booksbiscuitsandtea.co.uk\/it\/","og_site_name":"Online Hookup Advice","twitter_card":"summary_large_image","twitter_image":"http:\/\/booksbiscuitsandtea.co.uk\/wp-content\/uploads\/2022\/09\/casual-chat-apps.webp","twitter_misc":{"Tempo di lettura stimato":"5 minuti"},"schema":{"@context":"https:\/\/schema.org","@graph":[{"@type":"WebSite","@id":"https:\/\/booksbiscuitsandtea.co.uk\/#website","url":"https:\/\/booksbiscuitsandtea.co.uk\/","name":"Online Hookup Advice","description":"Meet Your Next Partner","potentialAction":[{"@type":"SearchAction","target":{"@type":"EntryPoint","urlTemplate":"https:\/\/booksbiscuitsandtea.co.uk\/?s={search_term_string}"},"query-input":"required name=search_term_string"}],"inLanguage":"it-IT"},{"@type":"ImageObject","@id":"http:\/\/booksbiscuitsandtea.co.uk\/it\/#primaryimage","inLanguage":"it-IT","url":"http:\/\/booksbiscuitsandtea.co.uk\/wp-content\/uploads\/2022\/09\/casual-chat-apps.webp","contentUrl":"http:\/\/booksbiscuitsandtea.co.uk\/wp-content\/uploads\/2022\/09\/casual-chat-apps.webp","width":1046,"height":750},{"@type":"WebPage","@id":"http:\/\/booksbiscuitsandtea.co.uk\/it\/#webpage","url":"http:\/\/booksbiscuitsandtea.co.uk\/it\/","name":"Guida per trovare l'amore nella tua zona - Online Hookup Advice","isPartOf":{"@id":"https:\/\/booksbiscuitsandtea.co.uk\/#website"},"primaryImageOfPage":{"@id":"http:\/\/booksbiscuitsandtea.co.uk\/it\/#primaryimage"},"datePublished":"2022-09-05T13:32:18+00:00","dateModified":"2022-09-05T13:32:18+00:00","breadcrumb":{"@id":"http:\/\/booksbiscuitsandtea.co.uk\/it\/#breadcrumb"},"inLanguage":"it-IT","potentialAction":[{"@type":"ReadAction","target":["http:\/\/booksbiscuitsandtea.co.uk\/it\/"]}]},{"@type":"BreadcrumbList","@id":"http:\/\/booksbiscuitsandtea.co.uk\/it\/#breadcrumb","itemListElement":[{"@type":"ListItem","position":1,"name":"Home","item":"http:\/\/booksbiscuitsandtea.co.uk\/it\/"},{"@type":"ListItem","position":2,"name":"Guida per trovare l&#8217;amore nella tua zona"}]}]}},"_links":{"self":[{"href":"http:\/\/booksbiscuitsandtea.co.uk\/it\/wp-json\/wp\/v2\/pages\/170"}],"collection":[{"href":"http:\/\/booksbiscuitsandtea.co.uk\/it\/wp-json\/wp\/v2\/pages"}],"about":[{"href":"http:\/\/booksbiscuitsandtea.co.uk\/it\/wp-json\/wp\/v2\/types\/page"}],"author":[{"embeddable":true,"href":"http:\/\/booksbiscuitsandtea.co.uk\/it\/wp-json\/wp\/v2\/users\/1"}],"replies":[{"embeddable":true,"href":"http:\/\/booksbiscuitsandtea.co.uk\/it\/wp-json\/wp\/v2\/comments?post=170"}],"version-history":[{"count":0,"href":"http:\/\/booksbiscuitsandtea.co.uk\/it\/wp-json\/wp\/v2\/pages\/170\/revisions"}],"wp:featuredmedia":[{"embeddable":true,"href":"http:\/\/booksbiscuitsandtea.co.uk\/it\/wp-json\/wp\/v2\/media\/74"}],"wp:attachment":[{"href":"http:\/\/booksbiscuitsandtea.co.uk\/it\/wp-json\/wp\/v2\/media?parent=170"}],"curies":[{"name":"wp","href":"https:\/\/api.w.org\/{rel}","templated":true}]}}