{"id":180,"date":"2022-09-05T14:32:18","date_gmt":"2022-09-05T13:32:18","guid":{"rendered":"http:\/\/booksbiscuitsandtea.co.uk\/guia-para-encontrar-o-amor-na-sua-area\/"},"modified":"2022-09-05T14:32:18","modified_gmt":"2022-09-05T13:32:18","slug":"guia-para-encontrar-o-amor-na-sua-area","status":"publish","type":"page","link":"http:\/\/booksbiscuitsandtea.co.uk\/pt-pt\/","title":{"rendered":"Guia para encontrar o amor na sua \u00e1rea"},"content":{"rendered":"<p>Se est\u00e1 a pensar em descarregar uma aplica\u00e7\u00e3o de encontros para fins sexuais, \u00e9 importante saber algumas coisas antes. Em primeiro lugar, sim, h\u00e1 definitivamente menos inibi\u00e7\u00f5es envolvidas no sexo do que usar uma app de namoro tradicional para encontrar um poss\u00edvel parceiro rom\u00e2ntico, mas ainda h\u00e1 padr\u00f5es de etiqueta a que deve aderir.<\/p>\n<p>Nenhuma aplica\u00e7\u00e3o pode proteger completamente as suas informa\u00e7\u00f5es pessoais para si. Simplesmente n\u00e3o pode controlar o que os outros fazem com os seus dados uma vez que os descarreguam. Para aqueles com hor\u00e1rios super ocupados ou aqueles que simplesmente n\u00e3o t\u00eam espa\u00e7o suficiente nas suas vidas para uma rela\u00e7\u00e3o constante no rosto, o sexo pode ser um salva-vidas. O teu desejo sexual n\u00e3o desaparece s\u00f3 porque est\u00e1s ocupado. Na verdade, o sexo permite-lhe satisfazer as suas necessidades sexuais sem ter de se p\u00f4r para fora. Afinal, podes cuidar dos teus desejos sexuais sem teres de te preocupar com mais ningu\u00e9m. Liberdade: Com o sexo, voc\u00ea \u00e9 capaz de soltar um pouco e explorar a sua sexualidade sabendo que h\u00e1 uma certa barreira entre voc\u00eas.<\/p>\n<h2>Amor ou Lux\u00faria?<\/h2>\n<p>O mundo dos encontros online nem sempre \u00e9 divertido e jogos. \u00c0s vezes parece um campo minado cheio de minas terrestres, e \u00e0s vezes parece um jogo onde todos sabem o que est\u00e3o a fazer. Mas h\u00e1 algumas coisas que sabemos sobre como navegar nas \u00e1guas do namoro online. Aqui est\u00e3o cinco dicas para encontrar o amor na era digital.<\/p>\n<h3>Seja voc\u00ea mesmo.<\/h3>\n<p>Sites de encontros online funcionam com o mesmo princ\u00edpio da vida real: Voc\u00ea quer conhecer algu\u00e9m que est\u00e1 genuinamente interessado em conhecer pessoas como voc\u00ea. Se tentares fingir ser outra pessoa, provavelmente vais acabar desapontado. Em vez disso, sa\u00fade honesta sobre quem \u00e9 e deixe que isso o guie.<\/p>\n<h3>N\u00e3o penses demasiado nisso.<\/h3>\n<p>Se est\u00e1s a ter problemas em descobrir o que escrever na tua biografia, n\u00e3o te preocupes muito com isso. Apenas certifique-se de que tudo o que diz cabe dentro dos limites do local. Alguns sites permitem-lhe incluir algumas frases descrevendo quem voc\u00ea \u00e9, mas outros exigem que voc\u00ea preencha um formul\u00e1rio longo. Escolha qualquer op\u00e7\u00e3o que funcione melhor para si.<\/p>\n<h2>Melhores sites de encontros para algo casual<\/h2>\n<h3>NSA<\/h3>\n<p>NoStringsAttached \u00e9 uma aplica\u00e7\u00e3o de encontros gratuita projetada especificamente para aqueles que querem ter casos casuais sem serem apanhados. N\u00e3o h\u00e1 cordas presas; \u00c9 completamente an\u00f3nimo, o que significa que n\u00e3o tem que se preocupar em ser exposto \u00e0 fam\u00edlia ou amigos do seu parceiro. Isto torna a NSA ideal para pessoas que j\u00e1 s\u00e3o discretas e procuram conhecer outras que tamb\u00e9m est\u00e3o na mesma situa\u00e7\u00e3o.<\/p>\n<p>A NSA oferece uma variedade de funcionalidades que facilitam a comunica\u00e7\u00e3o com outros membros. Pode enviar mensagens via SMS, e-mail, Facebook Messenger, WhatsApp, Skype e Kik. Se prefere chats de v\u00eddeo, tamb\u00e9m pode faz\u00ea-lo. Tamb\u00e9m poder\u00e1 usar a app para tirar fotos e v\u00eddeos de si mesmo e envi\u00e1-las para outros membros.<\/p>\n<p>A melhor parte da NSA \u00e9 que h\u00e1 sempre algo acontecendo no site. Seja uma conversa em grupo onde todos partilham as suas fantasias sexuais ou algu\u00e9m que fa\u00e7a um programa ao vivo, nunca h\u00e1 um momento aborrecido.<\/p>\n<h3>Rio Bumble<\/h3>\n<p>A aplica\u00e7\u00e3o permite-lhe enviar mensagens a pessoas no prazo de 24 horas ap\u00f3s a sua inscri\u00e7\u00e3o. Se algu\u00e9m n\u00e3o responder dentro de 48 horas, \u00e9 o fim do jogo. N\u00e3o h\u00e1 taxas para usar a app, e voc\u00ea nem precisa registrar a menos que voc\u00ea queira enviar mensagens.<\/p>\n<p>Pode configurar a sua conta em apenas cinco passos. Depois de ter feito isso, est\u00e1 pronto para ir. Ao inscrever-se, escolher\u00e1 um nome de utilizador, sexo, faixa et\u00e1ria, localiza\u00e7\u00e3o, ocupa\u00e7\u00e3o e interesses. A partir da\u00ed, pode enviar at\u00e9 seis fotografias e escrever sobre si mesmo.<\/p>\n<p>Quando come\u00e7a a navegar pelos perfis, pode ver quantos gostos cada pessoa recebeu com base na sua imagem. Tamb\u00e9m pode passar para a esquerda ou para a direita para gostar ou n\u00e3o gostar de uma foto.<\/p>\n<p>Se decidir enviar uma mensagem a algu\u00e9m, pode escrever um texto comprido ou tirar partido da funcionalidade de chat gerada automaticamente. Tamb\u00e9m pode definir as suas defini\u00e7\u00f5es de privacidade para permitir ou bloquear as pessoas de verem as informa\u00e7\u00f5es do seu perfil.<\/p>\n<p>Existem toneladas de funcionalidades inclu\u00eddas na app, incluindo uma vista de mapas onde voc\u00ea pode ver onde os seus amigos vivem, a capacidade de fazer check-in em locais da cidade, e a op\u00e7\u00e3o de ver o que os seus amigos est\u00e3o fazendo em tempo real.<\/p>\n<p>Al\u00e9m de ser completamente livre, Bumble \u00e9 um lugar seguro para homens e mulheres se encontrarem. As mulheres podem filtrar mensagens indesejadas e os homens podem apagar as suas contas sem medo de serem fantasmag\u00f3ricas.<\/p>\n<h3>OurTime<\/h3>\n<p>A Internet est\u00e1 cheia de sites de encontros online para solteiros que procuram amor. Mas a OurTime, a mais recente oferta do Match Group, foi especificamente concebida para idosos.<\/p>\n<p>Lan\u00e7ado no in\u00edcio deste m\u00eas, o OurTime oferece uma gama de funcionalidades direcionadas para maiores de 50 anos, incluindo subscri\u00e7\u00f5es premium, jogos di\u00e1rios e uma rede social.<\/p>\n<p>Mas, ao contr\u00e1rio de algumas outras aplica\u00e7\u00f5es de encontros por a\u00ed, o OurTime n\u00e3o requer um cart\u00e3o de cr\u00e9dito para aceder aos seus servi\u00e7os. Em vez disso, os membros devem pagar taxas mensais que variam entre os 29,96 d\u00f3lares e os 39,99 d\u00f3lares, dependendo do tempo que queiram utilizar a app.<\/p>\n<p>Embora o OurTime ainda seja relativamente desconhecido entre os millennials, tem um seguidor significativo entre os baby boomers.<\/p>\n<h2>Conhe\u00e7a a sua data<\/h2>\n<p>A cultura de engate em torno do sexo \u00e9 algo com que muitos millennials cresceram, e tornou-se cada vez mais popular ao longo dos anos. Os encontros s\u00e3o agora vistos como uma parte normal da vida, mas o que isso significa para a nossa sa\u00fade e bem-estar?<\/p>\n<p>Os encontros s\u00e3o muitas vezes retratados como divers\u00e3o inofensiva, mas h\u00e1 algumas desvantagens graves para o sexo casual. Desde situa\u00e7\u00f5es de risco a sexo potencialmente inseguro, aqui est\u00e1 tudo o que precisa de saber sobre os perigos do sexo casual.<\/p>\n","protected":false},"excerpt":{"rendered":"<div class=\"mh-excerpt\"><p>Se est\u00e1 a pensar em descarregar uma aplica\u00e7\u00e3o de encontros para fins sexuais, \u00e9 importante saber algumas coisas antes. Em primeiro lugar, sim, h\u00e1 definitivamente <a class=\"mh-excerpt-more\" href=\"http:\/\/booksbiscuitsandtea.co.uk\/pt-pt\/\" title=\"Guia para encontrar o amor na sua \u00e1rea\">[&#8230;]<\/a><\/p>\n<\/div>","protected":false},"author":1,"featured_media":77,"parent":0,"menu_order":0,"comment_status":"closed","ping_status":"closed","template":"","meta":[],"yoast_head":"<!-- This site is optimized with the Yoast SEO plugin v17.7.1 - https:\/\/yoast.com\/wordpress\/plugins\/seo\/ -->\n<title>Guia para encontrar o amor na sua \u00e1rea - Online Hookup Advice<\/title>\n<meta name=\"robots\" content=\"index, follow, max-snippet:-1, max-image-preview:large, max-video-preview:-1\" \/>\n<link rel=\"canonical\" href=\"http:\/\/booksbiscuitsandtea.co.uk\/pt-pt\/\" \/>\n<meta property=\"og:locale\" content=\"pt_PT\" \/>\n<meta property=\"og:type\" content=\"article\" \/>\n<meta property=\"og:title\" content=\"Guia para encontrar o amor na sua \u00e1rea - Online Hookup Advice\" \/>\n<meta property=\"og:description\" content=\"Se est\u00e1 a pensar em descarregar uma aplica\u00e7\u00e3o de encontros para fins sexuais, \u00e9 importante saber algumas coisas antes. Em primeiro lugar, sim, h\u00e1 definitivamente [...]\" \/>\n<meta property=\"og:url\" content=\"http:\/\/booksbiscuitsandtea.co.uk\/pt-pt\/\" \/>\n<meta property=\"og:site_name\" content=\"Online Hookup Advice\" \/>\n<meta name=\"twitter:card\" content=\"summary_large_image\" \/>\n<meta name=\"twitter:image\" content=\"http:\/\/booksbiscuitsandtea.co.uk\/wp-content\/uploads\/2022\/09\/casual-chat-apps.webp\" \/>\n<meta name=\"twitter:label1\" content=\"Tempo estimado de leitura\" \/>\n\t<meta name=\"twitter:data1\" content=\"5 minutos\" \/>\n<script type=\"application\/ld+json\" class=\"yoast-schema-graph\">{\"@context\":\"https:\/\/schema.org\",\"@graph\":[{\"@type\":\"WebSite\",\"@id\":\"https:\/\/booksbiscuitsandtea.co.uk\/#website\",\"url\":\"https:\/\/booksbiscuitsandtea.co.uk\/\",\"name\":\"Online Hookup Advice\",\"description\":\"Meet Your Next Partner\",\"potentialAction\":[{\"@type\":\"SearchAction\",\"target\":{\"@type\":\"EntryPoint\",\"urlTemplate\":\"https:\/\/booksbiscuitsandtea.co.uk\/?s={search_term_string}\"},\"query-input\":\"required name=search_term_string\"}],\"inLanguage\":\"pt-PT\"},{\"@type\":\"ImageObject\",\"@id\":\"http:\/\/booksbiscuitsandtea.co.uk\/pt-pt\/#primaryimage\",\"inLanguage\":\"pt-PT\",\"url\":\"http:\/\/booksbiscuitsandtea.co.uk\/wp-content\/uploads\/2022\/09\/casual-chat-apps.webp\",\"contentUrl\":\"http:\/\/booksbiscuitsandtea.co.uk\/wp-content\/uploads\/2022\/09\/casual-chat-apps.webp\",\"width\":1046,\"height\":750},{\"@type\":\"WebPage\",\"@id\":\"http:\/\/booksbiscuitsandtea.co.uk\/pt-pt\/#webpage\",\"url\":\"http:\/\/booksbiscuitsandtea.co.uk\/pt-pt\/\",\"name\":\"Guia para encontrar o amor na sua \\u00e1rea - Online Hookup Advice\",\"isPartOf\":{\"@id\":\"https:\/\/booksbiscuitsandtea.co.uk\/#website\"},\"primaryImageOfPage\":{\"@id\":\"http:\/\/booksbiscuitsandtea.co.uk\/pt-pt\/#primaryimage\"},\"datePublished\":\"2022-09-05T13:32:18+00:00\",\"dateModified\":\"2022-09-05T13:32:18+00:00\",\"breadcrumb\":{\"@id\":\"http:\/\/booksbiscuitsandtea.co.uk\/pt-pt\/#breadcrumb\"},\"inLanguage\":\"pt-PT\",\"potentialAction\":[{\"@type\":\"ReadAction\",\"target\":[\"http:\/\/booksbiscuitsandtea.co.uk\/pt-pt\/\"]}]},{\"@type\":\"BreadcrumbList\",\"@id\":\"http:\/\/booksbiscuitsandtea.co.uk\/pt-pt\/#breadcrumb\",\"itemListElement\":[{\"@type\":\"ListItem\",\"position\":1,\"name\":\"Home\",\"item\":\"https:\/\/booksbiscuitsandtea.co.uk\/pt-pt\/\"},{\"@type\":\"ListItem\",\"position\":2,\"name\":\"Guia para encontrar o amor na sua \\u00e1rea\"}]}]}<\/script>\n<!-- \/ Yoast SEO plugin. -->","yoast_head_json":{"title":"Guia para encontrar o amor na sua \u00e1rea - Online Hookup Advice","robots":{"index":"index","follow":"follow","max-snippet":"max-snippet:-1","max-image-preview":"max-image-preview:large","max-video-preview":"max-video-preview:-1"},"canonical":"http:\/\/booksbiscuitsandtea.co.uk\/pt-pt\/","og_locale":"pt_PT","og_type":"article","og_title":"Guia para encontrar o amor na sua \u00e1rea - Online Hookup Advice","og_description":"Se est\u00e1 a pensar em descarregar uma aplica\u00e7\u00e3o de encontros para fins sexuais, \u00e9 importante saber algumas coisas antes. Em primeiro lugar, sim, h\u00e1 definitivamente [...]","og_url":"http:\/\/booksbiscuitsandtea.co.uk\/pt-pt\/","og_site_name":"Online Hookup Advice","twitter_card":"summary_large_image","twitter_image":"http:\/\/booksbiscuitsandtea.co.uk\/wp-content\/uploads\/2022\/09\/casual-chat-apps.webp","twitter_misc":{"Tempo estimado de leitura":"5 minutos"},"schema":{"@context":"https:\/\/schema.org","@graph":[{"@type":"WebSite","@id":"https:\/\/booksbiscuitsandtea.co.uk\/#website","url":"https:\/\/booksbiscuitsandtea.co.uk\/","name":"Online Hookup Advice","description":"Meet Your Next Partner","potentialAction":[{"@type":"SearchAction","target":{"@type":"EntryPoint","urlTemplate":"https:\/\/booksbiscuitsandtea.co.uk\/?s={search_term_string}"},"query-input":"required name=search_term_string"}],"inLanguage":"pt-PT"},{"@type":"ImageObject","@id":"http:\/\/booksbiscuitsandtea.co.uk\/pt-pt\/#primaryimage","inLanguage":"pt-PT","url":"http:\/\/booksbiscuitsandtea.co.uk\/wp-content\/uploads\/2022\/09\/casual-chat-apps.webp","contentUrl":"http:\/\/booksbiscuitsandtea.co.uk\/wp-content\/uploads\/2022\/09\/casual-chat-apps.webp","width":1046,"height":750},{"@type":"WebPage","@id":"http:\/\/booksbiscuitsandtea.co.uk\/pt-pt\/#webpage","url":"http:\/\/booksbiscuitsandtea.co.uk\/pt-pt\/","name":"Guia para encontrar o amor na sua \u00e1rea - Online Hookup Advice","isPartOf":{"@id":"https:\/\/booksbiscuitsandtea.co.uk\/#website"},"primaryImageOfPage":{"@id":"http:\/\/booksbiscuitsandtea.co.uk\/pt-pt\/#primaryimage"},"datePublished":"2022-09-05T13:32:18+00:00","dateModified":"2022-09-05T13:32:18+00:00","breadcrumb":{"@id":"http:\/\/booksbiscuitsandtea.co.uk\/pt-pt\/#breadcrumb"},"inLanguage":"pt-PT","potentialAction":[{"@type":"ReadAction","target":["http:\/\/booksbiscuitsandtea.co.uk\/pt-pt\/"]}]},{"@type":"BreadcrumbList","@id":"http:\/\/booksbiscuitsandtea.co.uk\/pt-pt\/#breadcrumb","itemListElement":[{"@type":"ListItem","position":1,"name":"Home","item":"https:\/\/booksbiscuitsandtea.co.uk\/pt-pt\/"},{"@type":"ListItem","position":2,"name":"Guia para encontrar o amor na sua \u00e1rea"}]}]}},"_links":{"self":[{"href":"http:\/\/booksbiscuitsandtea.co.uk\/pt-pt\/wp-json\/wp\/v2\/pages\/180"}],"collection":[{"href":"http:\/\/booksbiscuitsandtea.co.uk\/pt-pt\/wp-json\/wp\/v2\/pages"}],"about":[{"href":"http:\/\/booksbiscuitsandtea.co.uk\/pt-pt\/wp-json\/wp\/v2\/types\/page"}],"author":[{"embeddable":true,"href":"http:\/\/booksbiscuitsandtea.co.uk\/pt-pt\/wp-json\/wp\/v2\/users\/1"}],"replies":[{"embeddable":true,"href":"http:\/\/booksbiscuitsandtea.co.uk\/pt-pt\/wp-json\/wp\/v2\/comments?post=180"}],"version-history":[{"count":0,"href":"http:\/\/booksbiscuitsandtea.co.uk\/pt-pt\/wp-json\/wp\/v2\/pages\/180\/revisions"}],"wp:featuredmedia":[{"embeddable":true,"href":"http:\/\/booksbiscuitsandtea.co.uk\/pt-pt\/wp-json\/wp\/v2\/media\/77"}],"wp:attachment":[{"href":"http:\/\/booksbiscuitsandtea.co.uk\/pt-pt\/wp-json\/wp\/v2\/media?parent=180"}],"curies":[{"name":"wp","href":"https:\/\/api.w.org\/{rel}","templated":true}]}}