{"id":168,"date":"2022-09-05T14:32:18","date_gmt":"2022-09-05T13:32:18","guid":{"rendered":"http:\/\/booksbiscuitsandtea.co.uk\/guide-for-att-hitta-karlek-i-ditt-omrade\/"},"modified":"2022-09-05T14:32:18","modified_gmt":"2022-09-05T13:32:18","slug":"guide-for-att-hitta-karlek-i-ditt-omrade","status":"publish","type":"page","link":"http:\/\/booksbiscuitsandtea.co.uk\/sv\/","title":{"rendered":"Guide f\u00f6r att hitta k\u00e4rlek i ditt omr\u00e5de"},"content":{"rendered":"<p>Om du funderar p\u00e5 att ladda ner en dejtingsapp f\u00f6r sexting\u00e4ndam\u00e5l \u00e4r det viktigt att veta n\u00e5gra saker i f\u00f6rv\u00e4g. F\u00f6rst och fr\u00e4mst, ja, det finns definitivt mindre h\u00e4mningar involverade i sexting \u00e4n att anv\u00e4nda en traditionell dejtingsapp f\u00f6r att hitta en m\u00f6jlig romantisk partner, men det finns fortfarande etikettstandarder du m\u00e5ste f\u00f6lja.<\/p>\n<p>Ingen app kan helt skydda din personliga information \u00e5t dig. Du kan helt enkelt inte kontrollera vad andra g\u00f6r med dina data n\u00e4r de har laddat ner dem. F\u00f6r dem med superupptagna scheman eller de som bara inte har tillr\u00e4ckligt med utrymme i sina liv f\u00f6r ett stadigt ansikte mot ansikte kan sexting vara en livr\u00e4ddare. Din sexlust f\u00f6rsvinner inte bara f\u00f6r att du \u00e4r upptagen. Faktum \u00e4r att sexting l\u00e5ter dig tillfredsst\u00e4lla dina sexuella behov utan att beh\u00f6va s\u00e4tta dig ut. N\u00e4r allt kommer omkring kan du ta hand om dina sexuella \u00f6nskningar utan att beh\u00f6va oroa dig f\u00f6r n\u00e5gon annan. Frihet: Med sexting kan du sl\u00e4ppa loss lite och utforska din sexualitet med vetskapen om att det finns en viss barri\u00e4r mellan dig.<\/p>\n<h2>K\u00e4rlek eller lust?<\/h2>\n<p>V\u00e4rlden av online dating \u00e4r inte alltid kul och spel. Ibland k\u00e4nns det som ett minf\u00e4lt fullt av landminor, och ibland k\u00e4nns det som en spelshow d\u00e4r alla vet vad de g\u00f6r. Men det finns n\u00e5gra saker vi vet om hur man navigerar i vattnet i online dating. H\u00e4r \u00e4r fem tips f\u00f6r att hitta k\u00e4rleken i den digitala tids\u00e5ldern.<\/p>\n<h3>Var dig sj\u00e4lv.<\/h3>\n<p>Online dating webbplatser fungerar av samma princip som verkliga livet: Du vill tr\u00e4ffa n\u00e5gon som \u00e4r genuint intresserad av att tr\u00e4ffa m\u00e4nniskor som du. Om du f\u00f6rs\u00f6ker l\u00e5tsas vara n\u00e5gon annan kommer du f\u00f6rmodligen att bli besviken. Var ist\u00e4llet bara \u00e4rlig om vem du \u00e4r och l\u00e5t det v\u00e4gleda dig.<\/p>\n<h3>T\u00e4nk inte f\u00f6r mycket p\u00e5 det.<\/h3>\n<p>Om du har problem med att ta reda p\u00e5 vad du ska skriva i din bio, oroa dig inte f\u00f6r mycket f\u00f6r det. Se bara till att vad du \u00e4n s\u00e4ger passar inom webbplatsens gr\u00e4nser. Vissa webbplatser l\u00e5ter dig inkludera n\u00e5gra meningar som beskriver vem du \u00e4r, men andra kr\u00e4ver att du fyller i ett l\u00e5ngt formul\u00e4r. V\u00e4lj det alternativ som fungerar b\u00e4st f\u00f6r dig.<\/p>\n<h2>B\u00e4sta dejtingsajter f\u00f6r n\u00e5got avslappnat<\/h2>\n<h3>Nsa<\/h3>\n<p>NoStringsAttached \u00e4r en gratis dejtingsapp designad speciellt f\u00f6r dem som vill ha avslappnade aff\u00e4rer utan att fastna. Det finns inga str\u00e4ngar bifogade; det \u00e4r helt anonymt, vilket inneb\u00e4r att du inte beh\u00f6ver oroa dig f\u00f6r att bli utsatt f\u00f6r din partners familj eller v\u00e4nner. Detta g\u00f6r NSA idealisk f\u00f6r m\u00e4nniskor som redan \u00e4r diskreta och vill tr\u00e4ffa andra som ocks\u00e5 \u00e4r i samma situation.<\/p>\n<p>NSA erbjuder en m\u00e4ngd olika funktioner som g\u00f6r det enkelt att kommunicera med andra medlemmar. Du kan skicka meddelanden via SMS, e-post, Facebook Messenger, WhatsApp, Skype och Kik. Om du f\u00f6redrar videochattar kan du ocks\u00e5 g\u00f6ra det. Du kommer ocks\u00e5 att kunna anv\u00e4nda appen f\u00f6r att ta foton och videor av dig sj\u00e4lv och skicka dem till andra medlemmar.<\/p>\n<p>Det b\u00e4sta med NSA \u00e4r att det alltid h\u00e4nder n\u00e5got p\u00e5 webbplatsen. Oavsett om det \u00e4r en gruppchatt d\u00e4r alla delar sina sexuella fantasier eller n\u00e5gon som utf\u00f6r en liveshow, finns det aldrig ett tr\u00e5kigt \u00f6gonblick.<\/p>\n<h3>Stappla<\/h3>\n<p>Appen l\u00e5ter dig skicka meddelanden till m\u00e4nniskor inom 24 timmar efter att du registrerat dig. Om n\u00e5gon inte svarar inom 48 timmar \u00e4r det game over. Det finns inga avgifter f\u00f6r att anv\u00e4nda appen, och du beh\u00f6ver inte ens registrera dig om du inte vill skicka ut meddelanden.<\/p>\n<p>Du kan st\u00e4lla in ditt konto i bara fem steg. N\u00e4r du har gjort det \u00e4r du redo att g\u00e5. N\u00e4r du registrerar dig v\u00e4ljer du ett anv\u00e4ndarnamn, k\u00f6n, \u00e5ldersintervall, plats, yrke och intressen. D\u00e4rifr\u00e5n kan du ladda upp upp till sex bilder och skriva om dig sj\u00e4lv.<\/p>\n<p>N\u00e4r du b\u00f6rjar bl\u00e4ddra igenom profiler kan du se hur m\u00e5nga likes varje person har f\u00e5tt baserat p\u00e5 deras bild. Du kan ocks\u00e5 svepa \u00e5t v\u00e4nster eller h\u00f6ger f\u00f6r att gilla eller ogilla ett foto.<\/p>\n<p>Om du best\u00e4mmer dig f\u00f6r att skicka ett meddelande till n\u00e5gon kan du antingen skriva ut en l\u00e5ng text eller dra nytta av den automatiskt genererade chattfunktionen. Du kan ocks\u00e5 st\u00e4lla in dina sekretessinst\u00e4llningar s\u00e5 att personer kan se eller blockera personer fr\u00e5n att se din profilinformation.<\/p>\n<p>Det finns massor av funktioner som ing\u00e5r i appen, inklusive en kartvy d\u00e4r du kan se var dina v\u00e4nner bor, m\u00f6jligheten att checka in p\u00e5 platser runt om i staden och m\u00f6jligheten att se vad dina v\u00e4nner g\u00f6r i realtid.<\/p>\n<p>F\u00f6rutom att vara helt gratis \u00e4r Bumble en s\u00e4ker plats f\u00f6r b\u00e5de m\u00e4n och kvinnor att tr\u00e4ffas. Kvinnor kan filtrera bort o\u00f6nskade meddelanden och killar kan ta bort sina konton utan r\u00e4dsla f\u00f6r att bli sp\u00f6kade.<\/p>\n<h3>V\u00e5r Tid<\/h3>\n<p>Internet \u00e4r fullt av online dating webbplatser f\u00f6r singlar som letar efter k\u00e4rlek. Men OurTime, det senaste erbjudandet fr\u00e5n Match Group, \u00e4r speciellt utformat f\u00f6r \u00e4ldre vuxna.<\/p>\n<p>OurTime lanserades tidigare denna m\u00e5nad och erbjuder en rad funktioner inriktade p\u00e5 personer \u00f6ver 50 \u00e5r, inklusive premiumabonnemang, dagliga matchningar och ett socialt n\u00e4tverk.<\/p>\n<p>Men till skillnad fr\u00e5n n\u00e5gra av de andra dejtingapparna d\u00e4r ute kr\u00e4ver OurTime inte ett kreditkort f\u00f6r att f\u00e5 tillg\u00e5ng till sina tj\u00e4nster. Ist\u00e4llet m\u00e5ste medlemmar betala m\u00e5nadsavgifter fr\u00e5n $ 29.96 till $ 39.99, beroende p\u00e5 hur l\u00e4nge de vill anv\u00e4nda appen.<\/p>\n<p>Medan OurTime fortfarande \u00e4r relativt ok\u00e4nt bland \u00e5rtusenden, har det en betydande f\u00f6ljd bland babyboomers.<\/p>\n<h2>M\u00f6t din dejt<\/h2>\n<p>Anslutningskulturen kring sex \u00e4r n\u00e5got m\u00e5nga millennials v\u00e4xte upp med, och det har blivit allt popul\u00e4rare med \u00e5ren. Anslutningar ses nu som en normal del av livet, men vad betyder det f\u00f6r v\u00e5r h\u00e4lsa och v\u00e4lbefinnande?<\/p>\n<p>Anslutningar framst\u00e4lls ofta som ofarligt kul, men det finns n\u00e5gra allvarliga nackdelar med avslappnad sex. Fr\u00e5n riskfyllda situationer till potentiellt os\u00e4kert sex, h\u00e4r \u00e4r allt du beh\u00f6ver veta om farorna med avslappnad sex.<\/p>\n","protected":false},"excerpt":{"rendered":"<div class=\"mh-excerpt\"><p>Om du funderar p\u00e5 att ladda ner en dejtingsapp f\u00f6r sexting\u00e4ndam\u00e5l \u00e4r det viktigt att veta n\u00e5gra saker i f\u00f6rv\u00e4g. F\u00f6rst och fr\u00e4mst, ja, det <a class=\"mh-excerpt-more\" href=\"http:\/\/booksbiscuitsandtea.co.uk\/sv\/\" title=\"Guide f\u00f6r att hitta k\u00e4rlek i ditt omr\u00e5de\">[&#8230;]<\/a><\/p>\n<\/div>","protected":false},"author":1,"featured_media":79,"parent":0,"menu_order":0,"comment_status":"closed","ping_status":"closed","template":"","meta":[],"yoast_head":"<!-- This site is optimized with the Yoast SEO plugin v17.7.1 - https:\/\/yoast.com\/wordpress\/plugins\/seo\/ -->\n<title>Guide f\u00f6r att hitta k\u00e4rlek i ditt omr\u00e5de - Online Hookup Advice<\/title>\n<meta name=\"robots\" content=\"index, follow, max-snippet:-1, max-image-preview:large, max-video-preview:-1\" \/>\n<link rel=\"canonical\" href=\"http:\/\/booksbiscuitsandtea.co.uk\/sv\/\" \/>\n<meta property=\"og:locale\" content=\"sv_SE\" \/>\n<meta property=\"og:type\" content=\"article\" \/>\n<meta property=\"og:title\" content=\"Guide f\u00f6r att hitta k\u00e4rlek i ditt omr\u00e5de - Online Hookup Advice\" \/>\n<meta property=\"og:description\" content=\"Om du funderar p\u00e5 att ladda ner en dejtingsapp f\u00f6r sexting\u00e4ndam\u00e5l \u00e4r det viktigt att veta n\u00e5gra saker i f\u00f6rv\u00e4g. F\u00f6rst och fr\u00e4mst, ja, det [...]\" \/>\n<meta property=\"og:url\" content=\"http:\/\/booksbiscuitsandtea.co.uk\/sv\/\" \/>\n<meta property=\"og:site_name\" content=\"Online Hookup Advice\" \/>\n<meta name=\"twitter:card\" content=\"summary_large_image\" \/>\n<meta name=\"twitter:image\" content=\"http:\/\/booksbiscuitsandtea.co.uk\/wp-content\/uploads\/2022\/09\/casual-chat-apps.webp\" \/>\n<meta name=\"twitter:label1\" content=\"Ber\u00e4knad l\u00e4stid\" \/>\n\t<meta name=\"twitter:data1\" content=\"6 minuter\" \/>\n<script type=\"application\/ld+json\" class=\"yoast-schema-graph\">{\"@context\":\"https:\/\/schema.org\",\"@graph\":[{\"@type\":\"WebSite\",\"@id\":\"https:\/\/booksbiscuitsandtea.co.uk\/#website\",\"url\":\"https:\/\/booksbiscuitsandtea.co.uk\/\",\"name\":\"Online Hookup Advice\",\"description\":\"Meet Your Next Partner\",\"potentialAction\":[{\"@type\":\"SearchAction\",\"target\":{\"@type\":\"EntryPoint\",\"urlTemplate\":\"https:\/\/booksbiscuitsandtea.co.uk\/?s={search_term_string}\"},\"query-input\":\"required name=search_term_string\"}],\"inLanguage\":\"sv-SE\"},{\"@type\":\"ImageObject\",\"@id\":\"http:\/\/booksbiscuitsandtea.co.uk\/sv\/#primaryimage\",\"inLanguage\":\"sv-SE\",\"url\":\"http:\/\/booksbiscuitsandtea.co.uk\/wp-content\/uploads\/2022\/09\/casual-chat-apps.webp\",\"contentUrl\":\"http:\/\/booksbiscuitsandtea.co.uk\/wp-content\/uploads\/2022\/09\/casual-chat-apps.webp\",\"width\":1046,\"height\":750},{\"@type\":\"WebPage\",\"@id\":\"http:\/\/booksbiscuitsandtea.co.uk\/sv\/#webpage\",\"url\":\"http:\/\/booksbiscuitsandtea.co.uk\/sv\/\",\"name\":\"Guide f\\u00f6r att hitta k\\u00e4rlek i ditt omr\\u00e5de - Online Hookup Advice\",\"isPartOf\":{\"@id\":\"https:\/\/booksbiscuitsandtea.co.uk\/#website\"},\"primaryImageOfPage\":{\"@id\":\"http:\/\/booksbiscuitsandtea.co.uk\/sv\/#primaryimage\"},\"datePublished\":\"2022-09-05T13:32:18+00:00\",\"dateModified\":\"2022-09-05T13:32:18+00:00\",\"breadcrumb\":{\"@id\":\"http:\/\/booksbiscuitsandtea.co.uk\/sv\/#breadcrumb\"},\"inLanguage\":\"sv-SE\",\"potentialAction\":[{\"@type\":\"ReadAction\",\"target\":[\"http:\/\/booksbiscuitsandtea.co.uk\/sv\/\"]}]},{\"@type\":\"BreadcrumbList\",\"@id\":\"http:\/\/booksbiscuitsandtea.co.uk\/sv\/#breadcrumb\",\"itemListElement\":[{\"@type\":\"ListItem\",\"position\":1,\"name\":\"Home\",\"item\":\"http:\/\/booksbiscuitsandtea.co.uk\/sv\/\"},{\"@type\":\"ListItem\",\"position\":2,\"name\":\"Guide f\\u00f6r att hitta k\\u00e4rlek i ditt omr\\u00e5de\"}]}]}<\/script>\n<!-- \/ Yoast SEO plugin. -->","yoast_head_json":{"title":"Guide f\u00f6r att hitta k\u00e4rlek i ditt omr\u00e5de - Online Hookup Advice","robots":{"index":"index","follow":"follow","max-snippet":"max-snippet:-1","max-image-preview":"max-image-preview:large","max-video-preview":"max-video-preview:-1"},"canonical":"http:\/\/booksbiscuitsandtea.co.uk\/sv\/","og_locale":"sv_SE","og_type":"article","og_title":"Guide f\u00f6r att hitta k\u00e4rlek i ditt omr\u00e5de - Online Hookup Advice","og_description":"Om du funderar p\u00e5 att ladda ner en dejtingsapp f\u00f6r sexting\u00e4ndam\u00e5l \u00e4r det viktigt att veta n\u00e5gra saker i f\u00f6rv\u00e4g. F\u00f6rst och fr\u00e4mst, ja, det [...]","og_url":"http:\/\/booksbiscuitsandtea.co.uk\/sv\/","og_site_name":"Online Hookup Advice","twitter_card":"summary_large_image","twitter_image":"http:\/\/booksbiscuitsandtea.co.uk\/wp-content\/uploads\/2022\/09\/casual-chat-apps.webp","twitter_misc":{"Ber\u00e4knad l\u00e4stid":"6 minuter"},"schema":{"@context":"https:\/\/schema.org","@graph":[{"@type":"WebSite","@id":"https:\/\/booksbiscuitsandtea.co.uk\/#website","url":"https:\/\/booksbiscuitsandtea.co.uk\/","name":"Online Hookup Advice","description":"Meet Your Next Partner","potentialAction":[{"@type":"SearchAction","target":{"@type":"EntryPoint","urlTemplate":"https:\/\/booksbiscuitsandtea.co.uk\/?s={search_term_string}"},"query-input":"required name=search_term_string"}],"inLanguage":"sv-SE"},{"@type":"ImageObject","@id":"http:\/\/booksbiscuitsandtea.co.uk\/sv\/#primaryimage","inLanguage":"sv-SE","url":"http:\/\/booksbiscuitsandtea.co.uk\/wp-content\/uploads\/2022\/09\/casual-chat-apps.webp","contentUrl":"http:\/\/booksbiscuitsandtea.co.uk\/wp-content\/uploads\/2022\/09\/casual-chat-apps.webp","width":1046,"height":750},{"@type":"WebPage","@id":"http:\/\/booksbiscuitsandtea.co.uk\/sv\/#webpage","url":"http:\/\/booksbiscuitsandtea.co.uk\/sv\/","name":"Guide f\u00f6r att hitta k\u00e4rlek i ditt omr\u00e5de - Online Hookup Advice","isPartOf":{"@id":"https:\/\/booksbiscuitsandtea.co.uk\/#website"},"primaryImageOfPage":{"@id":"http:\/\/booksbiscuitsandtea.co.uk\/sv\/#primaryimage"},"datePublished":"2022-09-05T13:32:18+00:00","dateModified":"2022-09-05T13:32:18+00:00","breadcrumb":{"@id":"http:\/\/booksbiscuitsandtea.co.uk\/sv\/#breadcrumb"},"inLanguage":"sv-SE","potentialAction":[{"@type":"ReadAction","target":["http:\/\/booksbiscuitsandtea.co.uk\/sv\/"]}]},{"@type":"BreadcrumbList","@id":"http:\/\/booksbiscuitsandtea.co.uk\/sv\/#breadcrumb","itemListElement":[{"@type":"ListItem","position":1,"name":"Home","item":"http:\/\/booksbiscuitsandtea.co.uk\/sv\/"},{"@type":"ListItem","position":2,"name":"Guide f\u00f6r att hitta k\u00e4rlek i ditt omr\u00e5de"}]}]}},"_links":{"self":[{"href":"http:\/\/booksbiscuitsandtea.co.uk\/sv\/wp-json\/wp\/v2\/pages\/168"}],"collection":[{"href":"http:\/\/booksbiscuitsandtea.co.uk\/sv\/wp-json\/wp\/v2\/pages"}],"about":[{"href":"http:\/\/booksbiscuitsandtea.co.uk\/sv\/wp-json\/wp\/v2\/types\/page"}],"author":[{"embeddable":true,"href":"http:\/\/booksbiscuitsandtea.co.uk\/sv\/wp-json\/wp\/v2\/users\/1"}],"replies":[{"embeddable":true,"href":"http:\/\/booksbiscuitsandtea.co.uk\/sv\/wp-json\/wp\/v2\/comments?post=168"}],"version-history":[{"count":0,"href":"http:\/\/booksbiscuitsandtea.co.uk\/sv\/wp-json\/wp\/v2\/pages\/168\/revisions"}],"wp:featuredmedia":[{"embeddable":true,"href":"http:\/\/booksbiscuitsandtea.co.uk\/sv\/wp-json\/wp\/v2\/media\/79"}],"wp:attachment":[{"href":"http:\/\/booksbiscuitsandtea.co.uk\/sv\/wp-json\/wp\/v2\/media?parent=168"}],"curies":[{"name":"wp","href":"https:\/\/api.w.org\/{rel}","templated":true}]}}