{"id":182,"date":"2022-09-05T14:32:18","date_gmt":"2022-09-05T13:32:18","guid":{"rendered":"http:\/\/booksbiscuitsandtea.co.uk\/guia-para-encontrar-el-amor-en-su-area\/"},"modified":"2022-09-05T14:32:18","modified_gmt":"2022-09-05T13:32:18","slug":"guia-para-encontrar-el-amor-en-su-area","status":"publish","type":"page","link":"https:\/\/booksbiscuitsandtea.co.uk\/es\/","title":{"rendered":"Gu\u00eda para encontrar el amor en su \u00e1rea"},"content":{"rendered":"<p>Si est\u00e1 pensando en descargar una aplicaci\u00f3n de citas para fines de sexting, es importante saber algunas cosas de antemano. En primer lugar, s\u00ed, definitivamente hay menos inhibiciones involucradas en el sexting que usar una aplicaci\u00f3n de citas tradicional para encontrar una posible pareja rom\u00e1ntica, pero todav\u00eda hay est\u00e1ndares de etiqueta que debe cumplir.<\/p>\n<p>Ninguna aplicaci\u00f3n puede proteger completamente su informaci\u00f3n personal por usted. Simplemente no puede controlar lo que otros hacen con sus datos una vez que los han descargado. Para aquellos con horarios s\u00faper ocupados o aquellos que simplemente no tienen suficiente espacio en sus vidas para una relaci\u00f3n constante en la cara, el sexting puede ser un salvavidas. Tu deseo sexual no desaparece solo porque est\u00e1s ocupado. De hecho, el sexting te permite satisfacer tus necesidades sexuales sin tener que exponerte. Despu\u00e9s de todo, puedes cuidar de tus deseos sexuales sin tener que preocuparte por nadie m\u00e1s. Libertad: Con el sexting, eres capaz de soltarte un poco y explorar tu sexualidad sabiendo que hay una cierta barrera entre ustedes.<\/p>\n<h2>\u00bfAmor o lujuria?<\/h2>\n<p>El mundo de las citas en l\u00ednea no siempre es divertido y divertido. A veces se siente como un campo minado lleno de minas terrestres, y a veces se siente como un programa de juegos donde todos saben lo que est\u00e1n haciendo. Pero hay algunas cosas que sabemos sobre c\u00f3mo navegar por las aguas de las citas en l\u00ednea. Aqu\u00ed hay cinco consejos para encontrar el amor en la era digital.<\/p>\n<h3>S\u00e9 t\u00fa mismo.<\/h3>\n<p>Los sitios de citas en l\u00ednea funcionan con el mismo principio que la vida real: quieres conocer a alguien que est\u00e9 genuinamente interesado en conocer a personas como t\u00fa. Si intentas fingir ser otra persona, probablemente terminar\u00e1s decepcionado. En su lugar, solo s\u00e9 honesto acerca de qui\u00e9n eres y deja que eso te gu\u00ede.<\/p>\n<h3>No lo pienses demasiado.<\/h3>\n<p>Si tienes problemas para averiguar qu\u00e9 escribir en tu biograf\u00eda, no te preocupes demasiado por ello. Solo aseg\u00farese de que lo que diga dentro de los l\u00edmites del sitio. Algunos sitios le permiten incluir algunas oraciones que describen qui\u00e9n es usted, pero otros requieren que complete un formulario largo. Elija la opci\u00f3n que mejor se adapte a sus necesidades.<\/p>\n<h2>Los mejores sitios de citas para algo casual<\/h2>\n<h3>Nsa<\/h3>\n<p>NoStringsAttached es una aplicaci\u00f3n de citas gratuita dise\u00f1ada espec\u00edficamente para aquellos que desean tener aventuras casuales sin ser atrapados. No hay condiciones; es completamente an\u00f3nimo, lo que significa que no tiene que preocuparse por estar expuesto a la familia o amigos de su pareja. Esto hace que la NSA sea ideal para personas que ya son discretas y buscan conocer a otras personas que tambi\u00e9n est\u00e1n en la misma situaci\u00f3n.<\/p>\n<p>NSA ofrece una variedad de caracter\u00edsticas que facilitan la comunicaci\u00f3n con otros miembros. Puede enviar mensajes a trav\u00e9s de SMS, correo electr\u00f3nico, Facebook Messenger, WhatsApp, Skype y Kik. Si prefieres los chats de video, tambi\u00e9n puedes hacerlo. Tambi\u00e9n podr\u00e1 usar la aplicaci\u00f3n para tomar fotos y videos de usted mismo y enviarlos a otros miembros.<\/p>\n<p>La mejor parte de la NSA es que siempre hay algo sucediendo en el sitio. Ya sea un chat grupal donde todos comparten sus fantas\u00edas sexuales o alguien que realiza un espect\u00e1culo en vivo, nunca hay un momento aburrido.<\/p>\n<h3>Bumble<\/h3>\n<p>La aplicaci\u00f3n le permite enviar mensajes a las personas dentro de las 24 horas posteriores al registro. Si alguien no responde dentro de las 48 horas, se acab\u00f3 el juego. No hay tarifas para usar la aplicaci\u00f3n, y ni siquiera necesita registrarse a menos que desee enviar mensajes.<\/p>\n<p>Puede configurar su cuenta en solo cinco pasos. Despu\u00e9s de que hayas hecho eso, est\u00e1s listo para comenzar. Cuando te registres, elegir\u00e1s un nombre de usuario, sexo, rango de edad, ubicaci\u00f3n, ocupaci\u00f3n e intereses. A partir de ah\u00ed, puedes subir hasta seis im\u00e1genes y escribir sobre ti.<\/p>\n<p>Cuando comienzas a navegar por los perfiles, puedes ver cu\u00e1ntos me gusta ha recibido cada persona en funci\u00f3n de su imagen. Tambi\u00e9n puede deslizar el dedo hacia la izquierda o hacia la derecha para que le guste o no le guste una foto.<\/p>\n<p>Si decide enviar un mensaje a alguien, puede escribir un texto largo o aprovechar la funci\u00f3n de chat generado autom\u00e1ticamente. Tambi\u00e9n puede establecer su configuraci\u00f3n de privacidad para permitir o bloquear que las personas vean la informaci\u00f3n de su perfil.<\/p>\n<p>Hay toneladas de caracter\u00edsticas incluidas en la aplicaci\u00f3n, incluida una vista de mapa donde puede ver d\u00f3nde viven sus amigos, la capacidad de registrarse en lugares de la ciudad y la opci\u00f3n de ver lo que sus amigos est\u00e1n haciendo en tiempo real.<\/p>\n<p>Adem\u00e1s de ser completamente gratis, Bumble es un lugar seguro para que tanto hombres como mujeres se re\u00fanan. Las mujeres pueden filtrar los mensajes no deseados y los hombres pueden eliminar sus cuentas sin temor a ser fantasmas.<\/p>\n<h3>Nuestro Tiempo<\/h3>\n<p>Internet est\u00e1 lleno de sitios de citas en l\u00ednea para solteros que buscan amor. Pero OurTime, la \u00faltima oferta de Match Group, est\u00e1 dise\u00f1ada espec\u00edficamente para adultos mayores.<\/p>\n<p>Lanzado a principios de este mes, OurTime ofrece una gama de funciones dirigidas a mayores de 50 a\u00f1os, incluidas suscripciones premium, partidos diarios y una red social.<\/p>\n<p>Pero a diferencia de algunas de las otras aplicaciones de citas que existen, OurTime no requiere una tarjeta de cr\u00e9dito para acceder a sus servicios. En cambio, los miembros deben pagar tarifas mensuales que van desde $ 29.96 a $ 39.99, dependiendo de cu\u00e1nto tiempo quieran usar la aplicaci\u00f3n.<\/p>\n<p>Si bien OurTime sigue siendo relativamente desconocido entre los millennials, cuenta con un seguimiento significativo entre los baby boomers.<\/p>\n<h2>Conoce tu cita<\/h2>\n<p>La cultura de conexi\u00f3n que rodea al sexo es algo con lo que muchos millennials crecieron, y se ha vuelto cada vez m\u00e1s popular a lo largo de los a\u00f1os. Las conexiones ahora se ven como una parte normal de la vida, pero \u00bfqu\u00e9 significa eso para nuestra salud y bienestar?<\/p>\n<p>Las conexiones a menudo se presentan como diversi\u00f3n inofensiva, pero hay algunas desventajas graves del sexo casual. Desde situaciones de riesgo hasta sexo potencialmente inseguro, aqu\u00ed est\u00e1 todo lo que necesita saber sobre los peligros del sexo casual.<\/p>\n","protected":false},"excerpt":{"rendered":"<div class=\"mh-excerpt\"><p>Si est\u00e1 pensando en descargar una aplicaci\u00f3n de citas para fines de sexting, es importante saber algunas cosas de antemano. En primer lugar, s\u00ed, definitivamente <a class=\"mh-excerpt-more\" href=\"https:\/\/booksbiscuitsandtea.co.uk\/es\/\" title=\"Gu\u00eda para encontrar el amor en su \u00e1rea\">[&#8230;]<\/a><\/p>\n<\/div>","protected":false},"author":1,"featured_media":78,"parent":0,"menu_order":0,"comment_status":"closed","ping_status":"closed","template":"","meta":[],"yoast_head":"<!-- This site is optimized with the Yoast SEO plugin v17.7.1 - https:\/\/yoast.com\/wordpress\/plugins\/seo\/ -->\n<title>Gu\u00eda para encontrar el amor en su \u00e1rea - Online Hookup Advice<\/title>\n<meta name=\"robots\" content=\"index, follow, max-snippet:-1, max-image-preview:large, max-video-preview:-1\" \/>\n<link rel=\"canonical\" href=\"https:\/\/booksbiscuitsandtea.co.uk\/es\/\" \/>\n<meta property=\"og:locale\" content=\"es_ES\" \/>\n<meta property=\"og:type\" content=\"article\" \/>\n<meta property=\"og:title\" content=\"Gu\u00eda para encontrar el amor en su \u00e1rea - Online Hookup Advice\" \/>\n<meta property=\"og:description\" content=\"Si est\u00e1 pensando en descargar una aplicaci\u00f3n de citas para fines de sexting, es importante saber algunas cosas de antemano. En primer lugar, s\u00ed, definitivamente [...]\" \/>\n<meta property=\"og:url\" content=\"https:\/\/booksbiscuitsandtea.co.uk\/es\/\" \/>\n<meta property=\"og:site_name\" content=\"Online Hookup Advice\" \/>\n<meta name=\"twitter:card\" content=\"summary_large_image\" \/>\n<meta name=\"twitter:image\" content=\"https:\/\/booksbiscuitsandtea.co.uk\/wp-content\/uploads\/2022\/09\/casual-chat-apps.webp\" \/>\n<meta name=\"twitter:label1\" content=\"Tiempo de lectura\" \/>\n\t<meta name=\"twitter:data1\" content=\"5 minutos\" \/>\n<script type=\"application\/ld+json\" class=\"yoast-schema-graph\">{\"@context\":\"https:\/\/schema.org\",\"@graph\":[{\"@type\":\"WebSite\",\"@id\":\"https:\/\/booksbiscuitsandtea.co.uk\/#website\",\"url\":\"https:\/\/booksbiscuitsandtea.co.uk\/\",\"name\":\"Online Hookup Advice\",\"description\":\"Meet Your Next Partner\",\"potentialAction\":[{\"@type\":\"SearchAction\",\"target\":{\"@type\":\"EntryPoint\",\"urlTemplate\":\"https:\/\/booksbiscuitsandtea.co.uk\/?s={search_term_string}\"},\"query-input\":\"required name=search_term_string\"}],\"inLanguage\":\"es\"},{\"@type\":\"ImageObject\",\"@id\":\"https:\/\/booksbiscuitsandtea.co.uk\/es\/#primaryimage\",\"inLanguage\":\"es\",\"url\":\"https:\/\/booksbiscuitsandtea.co.uk\/wp-content\/uploads\/2022\/09\/casual-chat-apps.webp\",\"contentUrl\":\"https:\/\/booksbiscuitsandtea.co.uk\/wp-content\/uploads\/2022\/09\/casual-chat-apps.webp\",\"width\":1046,\"height\":750},{\"@type\":\"WebPage\",\"@id\":\"https:\/\/booksbiscuitsandtea.co.uk\/es\/#webpage\",\"url\":\"https:\/\/booksbiscuitsandtea.co.uk\/es\/\",\"name\":\"Gu\\u00eda para encontrar el amor en su \\u00e1rea - Online Hookup Advice\",\"isPartOf\":{\"@id\":\"https:\/\/booksbiscuitsandtea.co.uk\/#website\"},\"primaryImageOfPage\":{\"@id\":\"https:\/\/booksbiscuitsandtea.co.uk\/es\/#primaryimage\"},\"datePublished\":\"2022-09-05T13:32:18+00:00\",\"dateModified\":\"2022-09-05T13:32:18+00:00\",\"breadcrumb\":{\"@id\":\"https:\/\/booksbiscuitsandtea.co.uk\/es\/#breadcrumb\"},\"inLanguage\":\"es\",\"potentialAction\":[{\"@type\":\"ReadAction\",\"target\":[\"https:\/\/booksbiscuitsandtea.co.uk\/es\/\"]}]},{\"@type\":\"BreadcrumbList\",\"@id\":\"https:\/\/booksbiscuitsandtea.co.uk\/es\/#breadcrumb\",\"itemListElement\":[{\"@type\":\"ListItem\",\"position\":1,\"name\":\"Home\",\"item\":\"http:\/\/booksbiscuitsandtea.co.uk\/es\/\"},{\"@type\":\"ListItem\",\"position\":2,\"name\":\"Gu\\u00eda para encontrar el amor en su \\u00e1rea\"}]}]}<\/script>\n<!-- \/ Yoast SEO plugin. -->","yoast_head_json":{"title":"Gu\u00eda para encontrar el amor en su \u00e1rea - Online Hookup Advice","robots":{"index":"index","follow":"follow","max-snippet":"max-snippet:-1","max-image-preview":"max-image-preview:large","max-video-preview":"max-video-preview:-1"},"canonical":"https:\/\/booksbiscuitsandtea.co.uk\/es\/","og_locale":"es_ES","og_type":"article","og_title":"Gu\u00eda para encontrar el amor en su \u00e1rea - Online Hookup Advice","og_description":"Si est\u00e1 pensando en descargar una aplicaci\u00f3n de citas para fines de sexting, es importante saber algunas cosas de antemano. En primer lugar, s\u00ed, definitivamente [...]","og_url":"https:\/\/booksbiscuitsandtea.co.uk\/es\/","og_site_name":"Online Hookup Advice","twitter_card":"summary_large_image","twitter_image":"https:\/\/booksbiscuitsandtea.co.uk\/wp-content\/uploads\/2022\/09\/casual-chat-apps.webp","twitter_misc":{"Tiempo de lectura":"5 minutos"},"schema":{"@context":"https:\/\/schema.org","@graph":[{"@type":"WebSite","@id":"https:\/\/booksbiscuitsandtea.co.uk\/#website","url":"https:\/\/booksbiscuitsandtea.co.uk\/","name":"Online Hookup Advice","description":"Meet Your Next Partner","potentialAction":[{"@type":"SearchAction","target":{"@type":"EntryPoint","urlTemplate":"https:\/\/booksbiscuitsandtea.co.uk\/?s={search_term_string}"},"query-input":"required name=search_term_string"}],"inLanguage":"es"},{"@type":"ImageObject","@id":"https:\/\/booksbiscuitsandtea.co.uk\/es\/#primaryimage","inLanguage":"es","url":"https:\/\/booksbiscuitsandtea.co.uk\/wp-content\/uploads\/2022\/09\/casual-chat-apps.webp","contentUrl":"https:\/\/booksbiscuitsandtea.co.uk\/wp-content\/uploads\/2022\/09\/casual-chat-apps.webp","width":1046,"height":750},{"@type":"WebPage","@id":"https:\/\/booksbiscuitsandtea.co.uk\/es\/#webpage","url":"https:\/\/booksbiscuitsandtea.co.uk\/es\/","name":"Gu\u00eda para encontrar el amor en su \u00e1rea - Online Hookup Advice","isPartOf":{"@id":"https:\/\/booksbiscuitsandtea.co.uk\/#website"},"primaryImageOfPage":{"@id":"https:\/\/booksbiscuitsandtea.co.uk\/es\/#primaryimage"},"datePublished":"2022-09-05T13:32:18+00:00","dateModified":"2022-09-05T13:32:18+00:00","breadcrumb":{"@id":"https:\/\/booksbiscuitsandtea.co.uk\/es\/#breadcrumb"},"inLanguage":"es","potentialAction":[{"@type":"ReadAction","target":["https:\/\/booksbiscuitsandtea.co.uk\/es\/"]}]},{"@type":"BreadcrumbList","@id":"https:\/\/booksbiscuitsandtea.co.uk\/es\/#breadcrumb","itemListElement":[{"@type":"ListItem","position":1,"name":"Home","item":"http:\/\/booksbiscuitsandtea.co.uk\/es\/"},{"@type":"ListItem","position":2,"name":"Gu\u00eda para encontrar el amor en su \u00e1rea"}]}]}},"_links":{"self":[{"href":"https:\/\/booksbiscuitsandtea.co.uk\/es\/wp-json\/wp\/v2\/pages\/182"}],"collection":[{"href":"https:\/\/booksbiscuitsandtea.co.uk\/es\/wp-json\/wp\/v2\/pages"}],"about":[{"href":"https:\/\/booksbiscuitsandtea.co.uk\/es\/wp-json\/wp\/v2\/types\/page"}],"author":[{"embeddable":true,"href":"https:\/\/booksbiscuitsandtea.co.uk\/es\/wp-json\/wp\/v2\/users\/1"}],"replies":[{"embeddable":true,"href":"https:\/\/booksbiscuitsandtea.co.uk\/es\/wp-json\/wp\/v2\/comments?post=182"}],"version-history":[{"count":0,"href":"https:\/\/booksbiscuitsandtea.co.uk\/es\/wp-json\/wp\/v2\/pages\/182\/revisions"}],"wp:featuredmedia":[{"embeddable":true,"href":"https:\/\/booksbiscuitsandtea.co.uk\/es\/wp-json\/wp\/v2\/media\/78"}],"wp:attachment":[{"href":"https:\/\/booksbiscuitsandtea.co.uk\/es\/wp-json\/wp\/v2\/media?parent=182"}],"curies":[{"name":"wp","href":"https:\/\/api.w.org\/{rel}","templated":true}]}}